{"id":29,"date":"2025-03-13T11:02:55","date_gmt":"2025-03-13T11:02:55","guid":{"rendered":"https:\/\/miguelmoratepsicologo.com\/?page_id=29"},"modified":"2026-05-09T21:34:18","modified_gmt":"2026-05-09T21:34:18","slug":"inicio","status":"publish","type":"page","link":"https:\/\/miguelmoratepsicologo.com\/","title":{"rendered":"Inicio"},"content":{"rendered":"<p>[et_pb_section fb_built=\u00bb1&#8243; _builder_version=\u00bb4.27.0&#8243; _module_preset=\u00bbdefault\u00bb custom_padding=\u00bb||20px|||\u00bb global_colors_info=\u00bb{}\u00bb][et_pb_row column_structure=\u00bb3_5,2_5&#8243; _builder_version=\u00bb4.27.0&#8243; _module_preset=\u00bbdefault\u00bb global_colors_info=\u00bb{}\u00bb][et_pb_column type=\u00bb3_5&#8243; _builder_version=\u00bb4.27.0&#8243; _module_preset=\u00bbdefault\u00bb global_colors_info=\u00bb{}\u00bb][et_pb_image src=\u00bbhttps:\/\/miguelmoratepsicologo.com\/wp-content\/uploads\/2025\/10\/001-Miguel-logo-new-lateral-scaled.png\u00bb title_text=\u00bb001 Miguel logo new lateral\u00bb align_tablet=\u00bb\u00bb align_phone=\u00bbleft\u00bb align_last_edited=\u00bbon|phone\u00bb _builder_version=\u00bb4.27.0&#8243; _module_preset=\u00bbdefault\u00bb transform_scale_tablet=\u00bb\u00bb transform_scale_phone=\u00bb120%|120%\u00bb transform_scale_last_edited=\u00bbon|phone\u00bb transform_translate_tablet=\u00bb\u00bb transform_translate_phone=\u00bb\u00bb transform_translate_last_edited=\u00bbon|phone\u00bb transform_rotate_tablet=\u00bb\u00bb transform_rotate_phone=\u00bb\u00bb transform_rotate_last_edited=\u00bbon|phone\u00bb transform_skew_tablet=\u00bb\u00bb transform_skew_phone=\u00bb\u00bb transform_skew_last_edited=\u00bbon|phone\u00bb transform_origin_tablet=\u00bb\u00bb transform_origin_phone=\u00bb\u00bb transform_origin_last_edited=\u00bbon|phone\u00bb transform_styles_last_edited=\u00bbon|phone\u00bb width=\u00bb100%\u00bb max_width=\u00bb100%\u00bb module_alignment=\u00bbleft\u00bb custom_margin=\u00bb62px|||-41px|false|false\u00bb custom_margin_tablet=\u00bb62px|||-37px||\u00bb custom_margin_phone=\u00bb-25px|-9px|16px|3px|false|false\u00bb custom_margin_last_edited=\u00bbon|phone\u00bb custom_padding=\u00bb|||0px|false|false\u00bb transform_styles_tablet=\u00bb\u00bb transform_styles_phone=\u00bb\u00bb global_colors_info=\u00bb{}\u00bb][\/et_pb_image][et_pb_text content_tablet=\u00bb<\/p>\n<h3 class=%22p1%22><span style=%22color: #003366;%22>Atenci\u00f3n integral para el bienestar <strong>f\u00edsico<\/strong>, <strong>mental<\/strong> y <strong>emocional<\/strong>.<\/span><\/h3>\n<p>\u00bb content_phone=\u00bb<\/p>\n<h3 class=%22p1%22><span style=%22color: #003366;%22>Especialista en <strong>trauma psicol\u00f3gico<\/strong> y su impacto en el <strong>cuerpo<\/strong> y la <strong>mente<\/strong><\/span><\/h3>\n<p>\u00bb content_last_edited=\u00bbon|tablet\u00bb disabled_on=\u00bbon|off|off\u00bb _builder_version=\u00bb4.27.0&#8243; _module_preset=\u00bbdefault\u00bb text_text_color=\u00bb#003F77&#8243; header_text_color=\u00bb#003F77&#8243; header_font_size=\u00bb21px\u00bb header_2_font=\u00bbEB Garamond||||||||\u00bb header_2_text_color=\u00bb#003F77&#8243; header_2_font_size=\u00bb21px\u00bb header_3_line_height=\u00bb1.4em\u00bb width=\u00bb92.4%\u00bb width_tablet=\u00bb\u00bb width_phone=\u00bb\u00bb width_last_edited=\u00bbon|phone\u00bb min_height=\u00bb45px\u00bb custom_margin=\u00bb|5px|-9px|33px|false|false\u00bb custom_padding=\u00bb4px|42px|2px|42px||true\u00bb header_3_font_size_tablet=\u00bb\u00bb header_3_font_size_phone=\u00bb16px\u00bb header_3_font_size_last_edited=\u00bbon|phone\u00bb global_colors_info=\u00bb{}\u00bb]<\/p>\n<h3><span style=\"color: #003366; font-size: x-large;\"><\/span><\/h3>\n<h3><span style=\"color: #003366; font-size: x-large;\"><\/span><\/h3>\n<h3><span style=\"color: #003366; font-size: x-large;\">Atenci\u00f3n integral para el bienestar <\/span><strong style=\"color: #003366; font-size: x-large;\">f\u00edsico<\/strong><span style=\"color: #003366; font-size: x-large;\">, <\/span><span style=\"color: #003366; font-size: x-large;\"><\/span><span style=\"color: #003366; font-size: x-large;\"><strong>mental<\/strong> y <strong>emocional<\/strong><\/span><strong style=\"color: #003366; font-size: x-large;\">.<\/strong><\/h3>\n<h3><span style=\"color: #003366; font-size: x-large;\"><\/span><\/h3>\n<p>[\/et_pb_text][\/et_pb_column][et_pb_column type=\u00bb2_5&#8243; _builder_version=\u00bb4.27.0&#8243; _module_preset=\u00bbdefault\u00bb global_colors_info=\u00bb{}\u00bb][et_pb_image src=\u00bbhttps:\/\/miguelmoratepsicologo.com\/wp-content\/uploads\/2025\/03\/Foto-Miguel.jpg\u00bb title_text=\u00bbFoto Miguel\u00bb _builder_version=\u00bb4.27.0&#8243; _module_preset=\u00bbdefault\u00bb z_index=\u00bb11&#8243; custom_padding=\u00bb0%|10%|0px|10%|false|true\u00bb animation_style=\u00bbfade\u00bb border_width_all=\u00bb16px\u00bb border_color_all=\u00bb#FFFFFF\u00bb box_shadow_style=\u00bbpreset3&#8243; box_shadow_horizontal=\u00bb10px\u00bb box_shadow_vertical=\u00bb40px\u00bb box_shadow_blur=\u00bb40px\u00bb box_shadow_spread=\u00bb10px\u00bb box_shadow_color=\u00bbrgba(0,0,0,0.11)\u00bb global_colors_info=\u00bb{}\u00bb box_shadow_color__hover=\u00bbRGBA(255,255,255,0)\u00bb box_shadow_color__hover_enabled=\u00bbon|hover\u00bb transform_styles__hover_enabled=\u00bbon|hover\u00bb transform_scale__hover=\u00bb99%|99%\u00bb transform_scale__hover_enabled=\u00bbon|hover\u00bb transform_translate__hover_enabled=\u00bbon|hover\u00bb transform_rotate__hover_enabled=\u00bbon|hover\u00bb transform_skew__hover_enabled=\u00bbon|hover\u00bb transform_origin__hover_enabled=\u00bbon|hover\u00bb][\/et_pb_image][et_pb_button button_url=\u00bbhttps:\/\/miguelmoratepsicologo.com\/index.php\/sobre-mi\/\u00bb button_text=\u00bbM\u00c1S INFORMACI\u00d3N SOBRE M\u00cd\u00bb button_alignment=\u00bbcenter\u00bb _builder_version=\u00bb4.27.0&#8243; _module_preset=\u00bb_initial\u00bb custom_button=\u00bbon\u00bb button_text_size=\u00bb14px\u00bb button_text_color=\u00bb#ffffff\u00bb button_bg_color=\u00bb#003F77&#8243; button_border_width=\u00bb0px\u00bb button_border_radius=\u00bb0px\u00bb button_letter_spacing=\u00bb0.04em\u00bb button_font=\u00bbInter|700||on|||||\u00bb custom_padding=\u00bb15px|30px|15px|30px|true|true\u00bb global_colors_info=\u00bb{}\u00bb][\/et_pb_button][\/et_pb_column][\/et_pb_row][\/et_pb_section][et_pb_section fb_built=\u00bb1&#8243; _builder_version=\u00bb4.27.0&#8243; _module_preset=\u00bbdefault\u00bb custom_padding=\u00bb1px||10px|||\u00bb global_colors_info=\u00bb{}\u00bb][et_pb_row _builder_version=\u00bb4.27.0&#8243; _module_preset=\u00bbdefault\u00bb global_colors_info=\u00bb{}\u00bb][et_pb_column type=\u00bb4_4&#8243; _builder_version=\u00bb4.27.0&#8243; _module_preset=\u00bbdefault\u00bb global_colors_info=\u00bb{}\u00bb][et_pb_text _builder_version=\u00bb4.27.0&#8243; _module_preset=\u00bbdefault\u00bb text_font=\u00bbInter|700|||||||\u00bb text_text_color=\u00bb#003F77&#8243; text_font_size=\u00bb27px\u00bb text_letter_spacing=\u00bb5px\u00bb text_orientation=\u00bbcenter\u00bb global_colors_info=\u00bb{}\u00bb]<\/p>\n<p>SERVICIOS<\/p>\n<p>[\/et_pb_text][\/et_pb_column][\/et_pb_row][et_pb_row column_structure=\u00bb1_4,1_4,1_4,1_4&#8243; _builder_version=\u00bb4.27.0&#8243; _module_preset=\u00bbdefault\u00bb width=\u00bb90%\u00bb max_width=\u00bb1500px\u00bb global_colors_info=\u00bb{}\u00bb][et_pb_column type=\u00bb1_4&#8243; _builder_version=\u00bb4.27.0&#8243; _module_preset=\u00bbdefault\u00bb global_colors_info=\u00bb{}\u00bb][et_pb_blurb title=\u00bbSalud mental\u00bb use_icon=\u00bbon\u00bb font_icon=\u00bb&#xf5dc;||fa||900&#8243; icon_placement=\u00bbleft\u00bb _builder_version=\u00bb4.27.0&#8243; _module_preset=\u00bbdefault\u00bb header_font=\u00bbEB Garamond|800|||||||\u00bb header_text_color=\u00bb#003F77&#8243; header_font_size=\u00bb22px\u00bb header_line_height=\u00bb1.6em\u00bb body_font=\u00bbEB Garamond||||||||\u00bb body_font_size=\u00bb17px\u00bb background_color=\u00bb#ffffff\u00bb custom_margin=\u00bb0px||||false|false\u00bb custom_padding=\u00bb20px|20px|20px|20px|false|false\u00bb animation_style=\u00bbflip\u00bb link_option_url=\u00bbhttps:\/\/miguelmoratepsicologo.com\/index.php\/servicios\/#mental\u00bb border_radii=\u00bbon|6px|6px|6px|6px\u00bb border_width_all=\u00bb3px\u00bb border_color_all=\u00bb#BEDEED\u00bb box_shadow_style=\u00bbpreset3&#8243; global_colors_info=\u00bb{}\u00bb]<\/p>\n<p data-start=\"67\" data-end=\"253\">Es en estado de bienestar emocional, psicol\u00f3gico y social que puede verse alterado por diferentes factores, generando dificultades para afrontar la vida cotidiana.<\/p>\n<p>[\/et_pb_blurb][\/et_pb_column][et_pb_column type=\u00bb1_4&#8243; _builder_version=\u00bb4.27.0&#8243; _module_preset=\u00bbdefault\u00bb global_colors_info=\u00bb{}\u00bb][et_pb_blurb title=\u00bbTrastornos cardiovasculares\u00bb use_icon=\u00bbon\u00bb font_icon=\u00bb&#xf21e;||fa||900&#8243; icon_placement=\u00bbleft\u00bb content_tablet=\u00bb<\/p>\n<p>Son alteraciones en la calidad, duraci\u00f3n o regularidad del sue\u00f1o que afectan el bienestar f\u00edsico, emocional y cognitivo de la persona.<\/p>\n<p>\u00bb content_phone=\u00bb<\/p>\n<p>Son alteraciones en la calidad, duraci\u00f3n o regularidad del sue\u00f1o que afectan el bienestar f\u00edsico, emocional y cognitivo de la persona.<\/p>\n<p>\u00bb content_last_edited=\u00bbon|tablet\u00bb disabled_on=\u00bbon|off|off\u00bb _builder_version=\u00bb4.27.0&#8243; _module_preset=\u00bbdefault\u00bb header_font=\u00bbEB Garamond|800|||||||\u00bb header_text_color=\u00bb#003F77&#8243; header_font_size=\u00bb22px\u00bb header_line_height=\u00bb1.6em\u00bb body_font=\u00bbEB Garamond||||||||\u00bb body_font_size=\u00bb17px\u00bb background_color=\u00bb#ffffff\u00bb custom_margin=\u00bb0px||||false|false\u00bb custom_padding=\u00bb20px|20px|20px|20px|false|false\u00bb animation_style=\u00bbflip\u00bb link_option_url=\u00bbhttps:\/\/miguelmoratepsicologo.com\/index.php\/servicios\/#alergiasmovil\u00bb border_radii=\u00bbon|6px|6px|6px|6px\u00bb border_width_all=\u00bb3px\u00bb border_color_all=\u00bb#BEDEED\u00bb box_shadow_style=\u00bbpreset3&#8243; global_colors_info=\u00bb{}\u00bb]<\/p>\n<p>Los <strong>trastornos cardiovasculares<\/strong> son enfermedades del coraz\u00f3n y de los vasos sangu\u00edneos, como la <strong>hipertensi\u00f3n arterial<\/strong> o el <strong>infarto de miocardio<\/strong>.<\/p>\n<p>[\/et_pb_blurb][et_pb_blurb title=\u00bbTrastornos cardiovasculares\u00bb use_icon=\u00bbon\u00bb font_icon=\u00bb&#xf21e;||fa||900&#8243; icon_placement=\u00bbleft\u00bb disabled_on=\u00bboff|on|on\u00bb _builder_version=\u00bb4.27.0&#8243; _module_preset=\u00bbdefault\u00bb header_font=\u00bbEB Garamond|800|||||||\u00bb header_text_color=\u00bb#003F77&#8243; header_font_size=\u00bb22px\u00bb header_line_height=\u00bb1.6em\u00bb body_font=\u00bbEB Garamond||||||||\u00bb body_font_size=\u00bb17px\u00bb background_color=\u00bb#ffffff\u00bb custom_margin=\u00bb0px||||false|false\u00bb custom_padding=\u00bb20px|20px|20px|20px|false|false\u00bb animation_style=\u00bbflip\u00bb link_option_url=\u00bbhttps:\/\/miguelmoratepsicologo.com\/index.php\/servicios\/#alergiasmovil\u00bb border_radii=\u00bbon|6px|6px|6px|6px\u00bb border_width_all=\u00bb3px\u00bb border_color_all=\u00bb#BEDEED\u00bb box_shadow_style=\u00bbpreset3&#8243; global_colors_info=\u00bb{}\u00bb]<\/p>\n<p>Los <strong>trastornos cardiovasculares<\/strong> son enfermedades del coraz\u00f3n y de los vasos sangu\u00edneos, como la <strong>hipertensi\u00f3n arterial<\/strong> o el <strong>infarto de miocardio<\/strong>.<\/p>\n<p>[\/et_pb_blurb][\/et_pb_column][et_pb_column type=\u00bb1_4&#8243; _builder_version=\u00bb4.27.0&#8243; _module_preset=\u00bbdefault\u00bb global_colors_info=\u00bb{}\u00bb][et_pb_blurb title=\u00bbEnfermedades inmunol\u00f3gicas\u00bb use_icon=\u00bbon\u00bb font_icon=\u00bb&#xf78c;||fa||900&#8243; icon_placement=\u00bbleft\u00bb _builder_version=\u00bb4.27.0&#8243; _module_preset=\u00bbdefault\u00bb header_font=\u00bbEB Garamond|800|||||||\u00bb header_text_color=\u00bb#003F77&#8243; header_font_size=\u00bb22px\u00bb header_line_height=\u00bb1.6em\u00bb body_font=\u00bbEB Garamond||||||||\u00bb body_font_size=\u00bb17px\u00bb background_color=\u00bb#ffffff\u00bb custom_margin=\u00bb0px||||false|false\u00bb custom_padding=\u00bb20px|20px|20px|20px|false|false\u00bb animation_style=\u00bbflip\u00bb link_option_url=\u00bbhttps:\/\/miguelmoratepsicologo.com\/index.php\/servicios\/#autoinmune\u00bb border_radii=\u00bbon|6px|6px|6px|6px\u00bb border_width_all=\u00bb3px\u00bb border_color_all=\u00bb#BEDEED\u00bb box_shadow_style=\u00bbpreset3&#8243; global_colors_info=\u00bb{}\u00bb]<\/p>\n<p>Son alteraciones del sistema de defensa del organismo que se manifiestan en forma de <strong>alergias<\/strong>, <strong>trastornos autoinmunes<\/strong> o <strong>inmunodeficiencias<\/strong>.<\/p>\n<p>[\/et_pb_blurb][\/et_pb_column][et_pb_column type=\u00bb1_4&#8243; _builder_version=\u00bb4.27.0&#8243; _module_preset=\u00bbdefault\u00bb global_colors_info=\u00bb{}\u00bb][et_pb_blurb title=\u00bbAlteraciones endocrinas\u00bb use_icon=\u00bbon\u00bb font_icon=\u00bb&#xf47d;||fa||900&#8243; icon_placement=\u00bbleft\u00bb disabled_on=\u00bbon|off|off\u00bb _builder_version=\u00bb4.27.0&#8243; _module_preset=\u00bbdefault\u00bb header_font=\u00bbEB Garamond|800|||||||\u00bb header_text_color=\u00bb#003F77&#8243; header_font_size=\u00bb22px\u00bb header_line_height=\u00bb1.6em\u00bb body_font=\u00bbEB Garamond||||||||\u00bb body_font_size=\u00bb17px\u00bb background_color=\u00bb#ffffff\u00bb custom_margin=\u00bb0px||||false|false\u00bb custom_padding=\u00bb20px|20px|20px|20px|false|false\u00bb animation_style=\u00bbflip\u00bb link_option_url=\u00bbhttps:\/\/miguelmoratepsicologo.com\/index.php\/servicios\/#dolor\u00bb border_radii=\u00bbon|6px|6px|6px|6px\u00bb border_width_all=\u00bb3px\u00bb border_color_all=\u00bb#BEDEED\u00bb box_shadow_style=\u00bbpreset3&#8243; global_colors_info=\u00bb{}\u00bb]<\/p>\n<p>Son problemas hormonales. Algunos ejemplos son la <strong>diabetes mellitus<\/strong> y los trastornos de la tiroides como el <strong>hipotiroidismo<\/strong> o el <strong>hipertiroidismo<\/strong>.<\/p>\n<p>[\/et_pb_blurb][et_pb_blurb title=\u00bbAlteraciones endocrinas\u00bb use_icon=\u00bbon\u00bb font_icon=\u00bb&#xf47d;||fa||900&#8243; icon_placement=\u00bbleft\u00bb disabled_on=\u00bboff|on|on\u00bb _builder_version=\u00bb4.27.0&#8243; _module_preset=\u00bbdefault\u00bb header_font=\u00bbEB Garamond|800|||||||\u00bb header_text_color=\u00bb#003F77&#8243; header_font_size=\u00bb22px\u00bb header_line_height=\u00bb1.6em\u00bb body_font=\u00bbEB Garamond||||||||\u00bb body_font_size=\u00bb17px\u00bb background_color=\u00bb#ffffff\u00bb custom_margin=\u00bb0px||||false|false\u00bb custom_padding=\u00bb20px|20px|20px|20px|false|false\u00bb animation_style=\u00bbflip\u00bb link_option_url=\u00bbhttps:\/\/miguelmoratepsicologo.com\/index.php\/servicios\/#dolormovil\u00bb border_radii=\u00bbon|6px|6px|6px|6px\u00bb border_width_all=\u00bb3px\u00bb border_color_all=\u00bb#BEDEED\u00bb box_shadow_style=\u00bbpreset3&#8243; global_colors_info=\u00bb{}\u00bb]<\/p>\n<p>Son problemas hormonales. Algunos ejemplos son la <strong>diabetes mellitus<\/strong> y los trastornos de la tiroides como el <strong>hipotiroidismo<\/strong> o el <strong>hipertiroidismo<\/strong>.<\/p>\n<p>[\/et_pb_blurb][\/et_pb_column][\/et_pb_row][et_pb_row _builder_version=\u00bb4.27.0&#8243; _module_preset=\u00bbdefault\u00bb global_colors_info=\u00bb{}\u00bb][et_pb_column type=\u00bb4_4&#8243; _builder_version=\u00bb4.27.0&#8243; _module_preset=\u00bbdefault\u00bb global_colors_info=\u00bb{}\u00bb][et_pb_button button_url=\u00bbhttps:\/\/miguelmoratepsicologo.com\/index.php\/servicios\/\u00bb button_text=\u00bbM\u00c1S INFORMACI\u00d3N SOBRE SERVICIOS\u00bb button_alignment=\u00bbcenter\u00bb _builder_version=\u00bb4.27.0&#8243; _module_preset=\u00bb_initial\u00bb custom_button=\u00bbon\u00bb button_text_size=\u00bb14px\u00bb button_text_color=\u00bb#ffffff\u00bb button_bg_color=\u00bb#003F77&#8243; button_border_width=\u00bb0px\u00bb button_border_radius=\u00bb0px\u00bb button_letter_spacing=\u00bb0.04em\u00bb button_font=\u00bbInter|700||on|||||\u00bb custom_padding=\u00bb15px|30px|15px|30px|true|true\u00bb global_colors_info=\u00bb{}\u00bb][\/et_pb_button][\/et_pb_column][\/et_pb_row][\/et_pb_section][et_pb_section fb_built=\u00bb1&#8243; _builder_version=\u00bb4.27.0&#8243; _module_preset=\u00bbdefault\u00bb background_color=\u00bbrgba(10,0,0,0.03)\u00bb custom_padding=\u00bb26px|||||\u00bb global_colors_info=\u00bb{}\u00bb][et_pb_row _builder_version=\u00bb4.27.0&#8243; _module_preset=\u00bbdefault\u00bb global_colors_info=\u00bb{}\u00bb][et_pb_column type=\u00bb4_4&#8243; _builder_version=\u00bb4.27.0&#8243; _module_preset=\u00bbdefault\u00bb global_colors_info=\u00bb{}\u00bb][et_pb_text _builder_version=\u00bb4.27.0&#8243; _module_preset=\u00bbdefault\u00bb text_font=\u00bbInter|700|||||||\u00bb text_text_color=\u00bb#003F77&#8243; text_font_size=\u00bb27px\u00bb text_letter_spacing=\u00bb5px\u00bb text_orientation=\u00bbcenter\u00bb global_colors_info=\u00bb{}\u00bb]<\/p>\n<p>TRATAMIENTOS<\/p>\n<p>[\/et_pb_text][\/et_pb_column][\/et_pb_row][et_pb_row column_structure=\u00bb1_2,1_2&#8243; _builder_version=\u00bb4.27.0&#8243; _module_preset=\u00bbdefault\u00bb width=\u00bb90%\u00bb max_width=\u00bb1500px\u00bb global_colors_info=\u00bb{}\u00bb][et_pb_column type=\u00bb1_2&#8243; _builder_version=\u00bb4.27.0&#8243; _module_preset=\u00bbdefault\u00bb global_colors_info=\u00bb{}\u00bb][et_pb_blurb title=\u00bbPsicoterapia Din\u00e1mica\u00bb url=\u00bbhttps:\/\/miguelmoratepsicologo.com\/index.php\/tratamientos\/#psicoanalitica\u00bb use_icon=\u00bbon\u00bb font_icon=\u00bb&#xf0a3;||fa||900&#8243; icon_color=\u00bb#BEDEED\u00bb icon_placement=\u00bbleft\u00bb image_icon_width=\u00bb38px\u00bb _builder_version=\u00bb4.27.0&#8243; _module_preset=\u00bbdefault\u00bb header_font=\u00bbEB Garamond|800|||||||\u00bb header_text_color=\u00bb#ffffff\u00bb header_font_size=\u00bb22px\u00bb header_line_height=\u00bb1.6em\u00bb body_font=\u00bbEB Garamond||||||||\u00bb body_text_color=\u00bb#ffffff\u00bb body_font_size=\u00bb17px\u00bb background_color=\u00bb#003F77&#8243; custom_margin=\u00bb0px||||false|false\u00bb custom_padding=\u00bb20px|20px|20px|20px|false|false\u00bb animation_style=\u00bbflip\u00bb link_option_url=\u00bbhttps:\/\/miguelmoratepsicologo.com\/index.php\/tratamientos\/#psicoanalitica\u00bb border_radii=\u00bbon|6px|6px|6px|6px\u00bb border_color_all=\u00bb#BEDEED\u00bb box_shadow_style=\u00bbpreset3&#8243; global_colors_info=\u00bb{}\u00bb]<\/p>\n<p><span>Se trata de un enfoque cl\u00ednico que promueve el autoconocimiento, la regulaci\u00f3n emocional y el desarrollo de nuevas formas de relacionarse consigo mismo y con los dem\u00e1s, favoreciendo cambios duraderos y una mayor calidad de vida.<\/span><\/p>\n<p>[\/et_pb_blurb][\/et_pb_column][et_pb_column type=\u00bb1_2&#8243; _builder_version=\u00bb4.27.0&#8243; _module_preset=\u00bbdefault\u00bb global_colors_info=\u00bb{}\u00bb][et_pb_blurb title=\u00bbHomeopat\u00eda Cl\u00ednica\u00bb url=\u00bbhttps:\/\/miguelmoratepsicologo.com\/index.php\/tratamientos\/#complementarias\u00bb use_icon=\u00bbon\u00bb font_icon=\u00bb&#xf0a3;||fa||900&#8243; icon_color=\u00bb#BEDEED\u00bb icon_placement=\u00bbleft\u00bb image_icon_width=\u00bb38px\u00bb _builder_version=\u00bb4.27.0&#8243; _module_preset=\u00bbdefault\u00bb header_font=\u00bbEB Garamond|800|||||||\u00bb header_text_color=\u00bb#ffffff\u00bb header_font_size=\u00bb22px\u00bb header_line_height=\u00bb1.6em\u00bb body_font=\u00bbEB Garamond||||||||\u00bb body_text_color=\u00bb#ffffff\u00bb body_font_size=\u00bb17px\u00bb background_color=\u00bb#003F77&#8243; custom_margin=\u00bb0px||||false|false\u00bb custom_padding=\u00bb20px|20px|20px|20px|false|false\u00bb animation_style=\u00bbflip\u00bb link_option_url=\u00bbhttps:\/\/miguelmoratepsicologo.com\/index.php\/tratamientos\/#complementarias\u00bb hover_enabled=\u00bb0&#8243; border_radii=\u00bbon|6px|6px|6px|6px\u00bb border_color_all=\u00bb#BEDEED\u00bb box_shadow_style=\u00bbpreset3&#8243; global_colors_info=\u00bb{}\u00bb sticky_enabled=\u00bb0&#8243;]<\/p>\n<p>\u200bEs un enfoque terap\u00e9utico que busca estimular la capacidad de autocuraci\u00f3n del cuerpo mediante sustancias naturales altamente diluidas. Se trata de una t\u00e9cnica complementaria que no sustituye al tratamiento m\u00e9dico convencional.<\/p>\n<p>[\/et_pb_blurb][\/et_pb_column][\/et_pb_row][et_pb_row _builder_version=\u00bb4.27.0&#8243; _module_preset=\u00bbdefault\u00bb global_colors_info=\u00bb{}\u00bb][et_pb_column type=\u00bb4_4&#8243; _builder_version=\u00bb4.27.0&#8243; _module_preset=\u00bbdefault\u00bb global_colors_info=\u00bb{}\u00bb][et_pb_button button_url=\u00bbhttps:\/\/miguelmoratepsicologo.com\/index.php\/tratamientos\/\u00bb button_text=\u00bbM\u00c1S INFORMACI\u00d3N SOBRE TRATAMIENTOS\u00bb button_alignment=\u00bbcenter\u00bb _builder_version=\u00bb4.27.0&#8243; _module_preset=\u00bb_initial\u00bb custom_button=\u00bbon\u00bb button_text_size=\u00bb14px\u00bb button_text_color=\u00bb#ffffff\u00bb button_bg_color=\u00bb#003F77&#8243; button_border_width=\u00bb0px\u00bb button_border_radius=\u00bb0px\u00bb button_letter_spacing=\u00bb0.04em\u00bb button_font=\u00bbInter|700||on|||||\u00bb custom_padding=\u00bb15px|30px|15px|30px|true|true\u00bb global_colors_info=\u00bb{}\u00bb][\/et_pb_button][\/et_pb_column][\/et_pb_row][\/et_pb_section][et_pb_section fb_built=\u00bb1&#8243; admin_label=\u00bbTestimonials\u00bb _builder_version=\u00bb4.27.0&#8243; _module_preset=\u00bbdefault\u00bb background_color=\u00bb#003F77&#8243; background_enable_image=\u00bboff\u00bb background_size=\u00bbcustom\u00bb background_image_width=\u00bb31%\u00bb background_position=\u00bbcenter_right\u00bb background_blend=\u00bbmultiply\u00bb locked=\u00bboff\u00bb collapsed=\u00bbon\u00bb global_colors_info=\u00bb{}\u00bb][et_pb_row column_structure=\u00bb1_2,1_2&#8243; _builder_version=\u00bb4.27.0&#8243; _module_preset=\u00bbdefault\u00bb global_colors_info=\u00bb{}\u00bb][et_pb_column type=\u00bb1_2&#8243; _builder_version=\u00bb4.27.0&#8243; _module_preset=\u00bbdefault\u00bb global_colors_info=\u00bb{}\u00bb][et_pb_image src=\u00bbhttps:\/\/miguelmoratepsicologo.com\/wp-content\/uploads\/2025\/10\/03-Miguel-logo-new-blanco-scaled.png\u00bb title_text=\u00bb03 Miguel logo new blanco\u00bb _builder_version=\u00bb4.27.0&#8243; _module_preset=\u00bbdefault\u00bb width=\u00bb74%\u00bb max_width=\u00bb100%\u00bb module_alignment=\u00bbleft\u00bb custom_margin=\u00bb73px|||||\u00bb global_colors_info=\u00bb{}\u00bb][\/et_pb_image][\/et_pb_column][et_pb_column type=\u00bb1_2&#8243; _builder_version=\u00bb4.27.0&#8243; _module_preset=\u00bbdefault\u00bb global_colors_info=\u00bb{}\u00bb][et_pb_text _builder_version=\u00bb4.27.0&#8243; _module_preset=\u00bbdefault\u00bb text_font=\u00bbInter|700|||||||\u00bb text_text_color=\u00bb#ffffff\u00bb text_font_size=\u00bb27px\u00bb text_letter_spacing=\u00bb5px\u00bb global_colors_info=\u00bb{}\u00bb]<\/p>\n<p>CONTACTO<\/p>\n<p>[\/et_pb_text][et_pb_blurb title=\u00bb687 701 357&#8243; use_icon=\u00bbon\u00bb font_icon=\u00bb&#xf232;||fa||400&#8243; icon_color=\u00bb#BEDEED\u00bb icon_placement=\u00bbleft\u00bb image_icon_width=\u00bb19px\u00bb _builder_version=\u00bb4.27.0&#8243; _module_preset=\u00bbdefault\u00bb header_font=\u00bbInter||||||||\u00bb header_text_color=\u00bb#ffffff\u00bb custom_margin=\u00bb|||30px|false|false\u00bb global_colors_info=\u00bb{}\u00bb][\/et_pb_blurb][et_pb_blurb title=\u00bbmiguelmoratepsicologo@gmail.com\u00bb url=\u00bbmailto:miguelmoratepsicologo@gmail.com\u00bb use_icon=\u00bbon\u00bb font_icon=\u00bb&#xf2b6;||fa||400&#8243; icon_color=\u00bb#BEDEED\u00bb icon_placement=\u00bbleft\u00bb image_icon_width=\u00bb19px\u00bb _builder_version=\u00bb4.27.0&#8243; _module_preset=\u00bbdefault\u00bb header_font=\u00bbInter||||||||\u00bb header_text_color=\u00bb#ffffff\u00bb header_font_size=\u00bb14px\u00bb custom_margin=\u00bb|||30px|false|false\u00bb global_colors_info=\u00bb{}\u00bb][\/et_pb_blurb][et_pb_blurb title=\u00bbCalle de la Explanada 12, 28040 Madrid. \u00bb use_icon=\u00bbon\u00bb font_icon=\u00bb&#xe01d;||divi||400&#8243; icon_color=\u00bb#BEDEED\u00bb icon_placement=\u00bbleft\u00bb image_icon_width=\u00bb19px\u00bb _builder_version=\u00bb4.27.0&#8243; _module_preset=\u00bbdefault\u00bb header_font=\u00bbInter||||||||\u00bb header_text_color=\u00bb#ffffff\u00bb body_font=\u00bbEB Garamond||||||||\u00bb body_text_color=\u00bb#ffffff\u00bb custom_margin=\u00bb|||30px|false|false\u00bb global_colors_info=\u00bb{}\u00bb]<\/p>\n<p>(Metro: Cuatro Caminos, Guzm\u00e1n el Bueno)<\/p>\n<p>[\/et_pb_blurb][\/et_pb_column][\/et_pb_row][\/et_pb_section]<\/p>\n","protected":false},"excerpt":{"rendered":"<p>Atenci\u00f3n integral para el bienestar f\u00edsico, mental y emocional. SERVICIOSEs en estado de bienestar emocional, psicol\u00f3gico y social que puede verse alterado por diferentes factores, generando dificultades para afrontar la vida cotidiana.Los trastornos cardiovasculares son enfermedades del coraz\u00f3n y de los vasos sangu\u00edneos, como la hipertensi\u00f3n arterial o el infarto de miocardio.Los trastornos cardiovasculares son [&hellip;]<\/p>\n","protected":false},"author":1,"featured_media":0,"parent":0,"menu_order":0,"comment_status":"closed","ping_status":"closed","template":"","meta":{"_et_pb_use_builder":"on","_et_pb_old_content":"","_et_gb_content_width":"","_joinchat":[],"footnotes":""},"class_list":["post-29","page","type-page","status-publish","hentry"],"_links":{"self":[{"href":"https:\/\/miguelmoratepsicologo.com\/index.php\/wp-json\/wp\/v2\/pages\/29","targetHints":{"allow":["GET"]}}],"collection":[{"href":"https:\/\/miguelmoratepsicologo.com\/index.php\/wp-json\/wp\/v2\/pages"}],"about":[{"href":"https:\/\/miguelmoratepsicologo.com\/index.php\/wp-json\/wp\/v2\/types\/page"}],"author":[{"embeddable":true,"href":"https:\/\/miguelmoratepsicologo.com\/index.php\/wp-json\/wp\/v2\/users\/1"}],"replies":[{"embeddable":true,"href":"https:\/\/miguelmoratepsicologo.com\/index.php\/wp-json\/wp\/v2\/comments?post=29"}],"version-history":[{"count":382,"href":"https:\/\/miguelmoratepsicologo.com\/index.php\/wp-json\/wp\/v2\/pages\/29\/revisions"}],"predecessor-version":[{"id":1467,"href":"https:\/\/miguelmoratepsicologo.com\/index.php\/wp-json\/wp\/v2\/pages\/29\/revisions\/1467"}],"wp:attachment":[{"href":"https:\/\/miguelmoratepsicologo.com\/index.php\/wp-json\/wp\/v2\/media?parent=29"}],"curies":[{"name":"wp","href":"https:\/\/api.w.org\/{rel}","templated":true}]}}