{"id":194,"date":"2025-04-23T13:49:00","date_gmt":"2025-04-23T13:49:00","guid":{"rendered":"https:\/\/miguelmoratepsicologo.com\/?page_id=194"},"modified":"2026-05-11T17:27:51","modified_gmt":"2026-05-11T17:27:51","slug":"tratamientos","status":"publish","type":"page","link":"https:\/\/miguelmoratepsicologo.com\/index.php\/tratamientos\/","title":{"rendered":"Tratamientos"},"content":{"rendered":"<p>[et_pb_section fb_built=\u00bb1&#8243; _builder_version=\u00bb4.27.0&#8243; _module_preset=\u00bbdefault\u00bb global_colors_info=\u00bb{}\u00bb][et_pb_row _builder_version=\u00bb4.27.0&#8243; _module_preset=\u00bbdefault\u00bb global_colors_info=\u00bb{}\u00bb][et_pb_column type=\u00bb4_4&#8243; _builder_version=\u00bb4.27.0&#8243; _module_preset=\u00bbdefault\u00bb global_colors_info=\u00bb{}\u00bb][et_pb_text _builder_version=\u00bb4.27.0&#8243; _module_preset=\u00bbdefault\u00bb text_font=\u00bbInter|700|||||||\u00bb text_text_color=\u00bb#003F77&#8243; text_font_size=\u00bb27px\u00bb text_letter_spacing=\u00bb5px\u00bb text_orientation=\u00bbcenter\u00bb global_colors_info=\u00bb{}\u00bb]<\/p>\n<p>TRATAMIENTOS<\/p>\n<p>[\/et_pb_text][\/et_pb_column][\/et_pb_row][et_pb_row column_structure=\u00bb2_5,3_5&#8243; module_id=\u00bbpsicoanalitica\u00bb _builder_version=\u00bb4.27.0&#8243; _module_preset=\u00bbdefault\u00bb max_width=\u00bb1393px\u00bb global_colors_info=\u00bb{}\u00bb][et_pb_column type=\u00bb2_5&#8243; _builder_version=\u00bb4.27.0&#8243; _module_preset=\u00bbdefault\u00bb global_colors_info=\u00bb{}\u00bb][et_pb_image src=\u00bbhttps:\/\/miguelmoratepsicologo.com\/wp-content\/uploads\/2025\/04\/tratamientos-1.jpg\u00bb title_text=\u00bbtratamientos-1&#8243; align=\u00bbcenter\u00bb _builder_version=\u00bb4.27.0&#8243; _module_preset=\u00bbdefault\u00bb width=\u00bb81%\u00bb global_colors_info=\u00bb{}\u00bb][\/et_pb_image][\/et_pb_column][et_pb_column type=\u00bb3_5&#8243; _builder_version=\u00bb4.27.0&#8243; _module_preset=\u00bbdefault\u00bb global_colors_info=\u00bb{}\u00bb][et_pb_blurb title=\u00bbPsicoterapia Din\u00e1mica\u00bb icon_placement=\u00bbleft\u00bb _builder_version=\u00bb4.27.0&#8243; _module_preset=\u00bbdefault\u00bb header_font=\u00bbEB Garamond|800|||||||\u00bb header_text_color=\u00bb#003F77&#8243; header_font_size=\u00bb22px\u00bb header_line_height=\u00bb1.6em\u00bb body_font=\u00bbEB Garamond||||||||\u00bb body_font_size=\u00bb17px\u00bb background_color=\u00bb#ffffff\u00bb custom_margin=\u00bb0px||||false|false\u00bb custom_padding=\u00bb20px|20px|20px|20px|false|false\u00bb animation_style=\u00bbflip\u00bb border_radii=\u00bbon|6px|6px|6px|6px\u00bb border_width_all=\u00bb3px\u00bb border_color_all=\u00bb#003F77&#8243; box_shadow_style=\u00bbpreset3&#8243; global_colors_info=\u00bb{}\u00bb]<\/p>\n<p>Se trata de un espacio de encuentro y escucha profunda orientado a comprender lo que sucede m\u00e1s all\u00e1 de lo evidente. A trav\u00e9s del di\u00e1logo, se exploran pensamientos, emociones y experiencias que influyen en la manera de relacionarse, sentir y tomar decisiones.<\/p>\n<p>No se limita al alivio de s\u00edntomas, sino que busca descubrir el sentido de lo vivido, identificar patrones que se repiten y abrir nuevas posibilidades de cambio. Es un proceso respetuoso y confidencial, en el que se favorece la libre expresi\u00f3n, el autoconocimiento y la construcci\u00f3n de una vida m\u00e1s aut\u00e9ntica y satisfactoria.<\/p>\n<p class=\"p1\">La psicoterapia din\u00e1mica integra el <b>psicoan\u00e1lisis contempor\u00e1neo<\/b>, <strong>psicolog\u00eda anal\u00edtica<\/strong> y <b>terapia cognitiva<\/b> con los \u00faltimos adelantos en <b>neurociencia<\/b>. Adem\u00e1s, en mi consulta incorporo <b>Pneuma Breathwork<\/b>, t\u00e9cnica terap\u00e9utica basada en la respiraci\u00f3n consciente y din\u00e1mica que favorece el desbloqueo emocional, el contacto con contenidos inconscientes y la integraci\u00f3n de experiencias significativas.<\/p>\n<p>[\/et_pb_blurb][\/et_pb_column][\/et_pb_row][\/et_pb_section][et_pb_section fb_built=\u00bb1&#8243; _builder_version=\u00bb4.27.0&#8243; _module_preset=\u00bbdefault\u00bb background_color=\u00bbrgba(190,222,237,0.23)\u00bb global_colors_info=\u00bb{}\u00bb][et_pb_row module_id=\u00bbcomplementarias\u00bb _builder_version=\u00bb4.27.0&#8243; _module_preset=\u00bbdefault\u00bb max_width=\u00bb1393px\u00bb global_colors_info=\u00bb{}\u00bb][et_pb_column type=\u00bb4_4&#8243; _builder_version=\u00bb4.27.0&#8243; _module_preset=\u00bbdefault\u00bb global_colors_info=\u00bb{}\u00bb][et_pb_text _builder_version=\u00bb4.27.0&#8243; _module_preset=\u00bbdefault\u00bb text_font=\u00bbEB Garamond||||||||\u00bb text_font_size=\u00bb17px\u00bb header_font=\u00bbEB Garamond|800|||||||\u00bb header_4_font=\u00bbEB Garamond|800|||||||\u00bb header_4_text_color=\u00bb#003F77&#8243; header_4_font_size=\u00bb22px\u00bb custom_padding=\u00bb||6px|||\u00bb global_colors_info=\u00bb{}\u00bb]<\/p>\n<h4>Homeopat\u00eda Cl\u00ednica<\/h4>\n<p class=\"p1\">La homeopat\u00eda es un enfoque terap\u00e9utico que busca estimular la capacidad de autocuraci\u00f3n del cuerpo mediante sustancias naturales altamente diluidas. Se trata de una t\u00e9cnica complementaria que no sustituye al tratamiento m\u00e9dico convencional.<\/p>\n<p>[\/et_pb_text][\/et_pb_column][\/et_pb_row][et_pb_row _builder_version=\u00bb4.27.0&#8243; _module_preset=\u00bbdefault\u00bb max_width=\u00bb1393px\u00bb global_colors_info=\u00bb{}\u00bb][et_pb_column type=\u00bb4_4&#8243; _builder_version=\u00bb4.27.0&#8243; _module_preset=\u00bbdefault\u00bb global_colors_info=\u00bb{}\u00bb][et_pb_blurb title=\u00bbTerapia Homeop\u00e1tica\u00bb use_icon=\u00bbon\u00bb font_icon=\u00bb&#xe05c;||fa||900&#8243; icon_placement=\u00bbleft\u00bb content_max_width=\u00bb1100px\u00bb _builder_version=\u00bb4.27.0&#8243; _module_preset=\u00bbdefault\u00bb header_font=\u00bbEB Garamond|800|||||||\u00bb header_text_color=\u00bb#003F77&#8243; header_font_size=\u00bb22px\u00bb header_line_height=\u00bb1.6em\u00bb body_font=\u00bbEB Garamond||||||||\u00bb body_font_size=\u00bb17px\u00bb background_color=\u00bb#ffffff\u00bb custom_margin=\u00bb0px||||false|false\u00bb custom_padding=\u00bb20px|20px|20px|20px|false|false\u00bb animation_style=\u00bbflip\u00bb border_radii=\u00bbon|6px|6px|6px|6px\u00bb border_width_all=\u00bb3px\u00bb border_color_all=\u00bb#BEDEED\u00bb box_shadow_style=\u00bbpreset3&#8243; global_colors_info=\u00bb{}\u00bb]<\/p>\n<p class=\"p1\">Es la aplicaci\u00f3n de la homeopat\u00eda cl\u00ednica. Se caracteriza por un enfoque integral y personalizado, donde el terapeuta busca el remedio espec\u00edfico para la totalidad de los s\u00edntomas f\u00edsicos y emocionales del paciente.<\/p>\n<p>[\/et_pb_blurb][et_pb_blurb title=\u00bbPsicohomeopat\u00eda\u00bb use_icon=\u00bbon\u00bb font_icon=\u00bb&#xf5bb;||fa||900&#8243; icon_placement=\u00bbleft\u00bb content_max_width=\u00bb1100px\u00bb _builder_version=\u00bb4.27.0&#8243; _module_preset=\u00bbdefault\u00bb header_font=\u00bbEB Garamond|800|||||||\u00bb header_text_color=\u00bb#003F77&#8243; header_font_size=\u00bb22px\u00bb header_line_height=\u00bb1.6em\u00bb body_font=\u00bbEB Garamond||||||||\u00bb body_font_size=\u00bb17px\u00bb background_color=\u00bb#ffffff\u00bb custom_margin=\u00bb0px||||false|false\u00bb custom_padding=\u00bb20px|20px|20px|20px|false|false\u00bb animation_style=\u00bbflip\u00bb border_radii=\u00bbon|6px|6px|6px|6px\u00bb border_width_all=\u00bb3px\u00bb border_color_all=\u00bb#BEDEED\u00bb box_shadow_style=\u00bbpreset3&#8243; global_colors_info=\u00bb{}\u00bb]<\/p>\n<p class=\"p1\">Es una vertiente de la homeopat\u00eda que combina la escucha activa de los conflictos emocionales del paciente con el uso de remedios homeop\u00e1ticos para tratar desequilibrios psicoemocionales y s\u00edntomas f\u00edsicos de origen psicosom\u00e1tico.<\/p>\n<p>[\/et_pb_blurb][et_pb_blurb title=\u00bbSuplementaci\u00f3n Natural\u00bb use_icon=\u00bbon\u00bb font_icon=\u00bb&#xf787;||fa||900&#8243; icon_placement=\u00bbleft\u00bb content_max_width=\u00bb1100px\u00bb _builder_version=\u00bb4.27.0&#8243; _module_preset=\u00bbdefault\u00bb header_font=\u00bbEB Garamond|800|||||||\u00bb header_text_color=\u00bb#003F77&#8243; header_font_size=\u00bb22px\u00bb header_line_height=\u00bb1.6em\u00bb body_font=\u00bbEB Garamond||||||||\u00bb body_font_size=\u00bb17px\u00bb background_color=\u00bb#ffffff\u00bb custom_margin=\u00bb0px||||false|false\u00bb custom_padding=\u00bb20px|20px|20px|20px|false|false\u00bb animation_style=\u00bbflip\u00bb border_radii=\u00bbon|6px|6px|6px|6px\u00bb border_width_all=\u00bb3px\u00bb border_color_all=\u00bb#BEDEED\u00bb box_shadow_style=\u00bbpreset3&#8243; global_colors_info=\u00bb{}\u00bb]<\/p>\n<p>Es el uso estrat\u00e9gico de nutrientes naturales, como vitaminas y minerales, para reforzar el organismo y promover el bienestar global. Se utiliza como complemento de la homeopat\u00eda para potenciar la capacidad de recuperaci\u00f3n del cuerpo.<\/p>\n<p>[\/et_pb_blurb][\/et_pb_column][\/et_pb_row][et_pb_row _builder_version=\u00bb4.27.0&#8243; _module_preset=\u00bbdefault\u00bb global_colors_info=\u00bb{}\u00bb][et_pb_column type=\u00bb4_4&#8243; _builder_version=\u00bb4.27.0&#8243; _module_preset=\u00bbdefault\u00bb global_colors_info=\u00bb{}\u00bb][et_pb_button button_url=\u00bbhttps:\/\/miguelmoratepsicologo.com\/#contacto\u00bb button_text=\u00bbconcertar una cita\u00bb button_alignment=\u00bbcenter\u00bb _builder_version=\u00bb4.27.0&#8243; _module_preset=\u00bb_initial\u00bb custom_button=\u00bbon\u00bb button_text_size=\u00bb14px\u00bb button_text_color=\u00bb#ffffff\u00bb button_bg_color=\u00bb#003F77&#8243; button_border_width=\u00bb0px\u00bb button_border_radius=\u00bb0px\u00bb button_letter_spacing=\u00bb0.04em\u00bb button_font=\u00bbInter|700||on|||||\u00bb custom_padding=\u00bb15px|30px|15px|30px|true|true\u00bb global_colors_info=\u00bb{}\u00bb][\/et_pb_button][\/et_pb_column][\/et_pb_row][\/et_pb_section][et_pb_section fb_built=\u00bb1&#8243; admin_label=\u00bbTestimonials\u00bb _builder_version=\u00bb4.27.0&#8243; _module_preset=\u00bbdefault\u00bb background_color=\u00bb#003F77&#8243; background_enable_image=\u00bboff\u00bb background_size=\u00bbcustom\u00bb background_image_width=\u00bb31%\u00bb background_position=\u00bbcenter_right\u00bb background_blend=\u00bbmultiply\u00bb locked=\u00bboff\u00bb collapsed=\u00bbon\u00bb global_colors_info=\u00bb{}\u00bb][et_pb_row column_structure=\u00bb1_2,1_2&#8243; _builder_version=\u00bb4.27.0&#8243; _module_preset=\u00bbdefault\u00bb global_colors_info=\u00bb{}\u00bb][et_pb_column type=\u00bb1_2&#8243; _builder_version=\u00bb4.27.0&#8243; _module_preset=\u00bbdefault\u00bb global_colors_info=\u00bb{}\u00bb][et_pb_image src=\u00bbhttps:\/\/miguelmoratepsicologo.com\/wp-content\/uploads\/2025\/10\/03-Miguel-logo-new-blanco-scaled.png\u00bb title_text=\u00bb03 Miguel logo new blanco\u00bb _builder_version=\u00bb4.27.0&#8243; _module_preset=\u00bbdefault\u00bb width=\u00bb74%\u00bb max_width=\u00bb100%\u00bb module_alignment=\u00bbleft\u00bb custom_margin=\u00bb73px|||||\u00bb global_colors_info=\u00bb{}\u00bb][\/et_pb_image][\/et_pb_column][et_pb_column type=\u00bb1_2&#8243; _builder_version=\u00bb4.27.0&#8243; _module_preset=\u00bbdefault\u00bb global_colors_info=\u00bb{}\u00bb][et_pb_text _builder_version=\u00bb4.27.0&#8243; _module_preset=\u00bbdefault\u00bb text_font=\u00bbInter|700|||||||\u00bb text_text_color=\u00bb#ffffff\u00bb text_font_size=\u00bb27px\u00bb text_letter_spacing=\u00bb5px\u00bb global_colors_info=\u00bb{}\u00bb]<\/p>\n<p>CONTACTO<\/p>\n<p>[\/et_pb_text][et_pb_blurb title=\u00bb687 701 357&#8243; use_icon=\u00bbon\u00bb font_icon=\u00bb&#xf232;||fa||400&#8243; icon_color=\u00bb#BEDEED\u00bb icon_placement=\u00bbleft\u00bb image_icon_width=\u00bb19px\u00bb _builder_version=\u00bb4.27.0&#8243; _module_preset=\u00bbdefault\u00bb header_font=\u00bbInter||||||||\u00bb header_text_color=\u00bb#ffffff\u00bb custom_margin=\u00bb|||30px|false|false\u00bb global_colors_info=\u00bb{}\u00bb][\/et_pb_blurb][et_pb_blurb title=\u00bbmiguelmoratepsicologo@gmail.com\u00bb url=\u00bbmailto:miguelmoratepsicologo@gmail.com\u00bb use_icon=\u00bbon\u00bb font_icon=\u00bb&#xf2b6;||fa||400&#8243; icon_color=\u00bb#BEDEED\u00bb icon_placement=\u00bbleft\u00bb image_icon_width=\u00bb19px\u00bb _builder_version=\u00bb4.27.0&#8243; _module_preset=\u00bbdefault\u00bb header_font=\u00bbInter||||||||\u00bb header_text_color=\u00bb#ffffff\u00bb header_font_size=\u00bb14px\u00bb custom_margin=\u00bb|||30px|false|false\u00bb global_colors_info=\u00bb{}\u00bb][\/et_pb_blurb][et_pb_blurb title=\u00bbCalle de la Explanada 12, 28040 Madrid. \u00bb use_icon=\u00bbon\u00bb font_icon=\u00bb&#xe01d;||divi||400&#8243; icon_color=\u00bb#BEDEED\u00bb icon_placement=\u00bbleft\u00bb image_icon_width=\u00bb19px\u00bb _builder_version=\u00bb4.27.0&#8243; _module_preset=\u00bbdefault\u00bb header_font=\u00bbInter||||||||\u00bb header_text_color=\u00bb#ffffff\u00bb body_font=\u00bbEB Garamond||||||||\u00bb body_text_color=\u00bb#ffffff\u00bb custom_margin=\u00bb|||30px|false|false\u00bb global_colors_info=\u00bb{}\u00bb]<\/p>\n<p>(Metro: Cuatro Caminos, Guzm\u00e1n el Bueno)<\/p>\n<p>[\/et_pb_blurb][\/et_pb_column][\/et_pb_row][\/et_pb_section]<\/p>\n","protected":false},"excerpt":{"rendered":"<p>TRATAMIENTOSSe trata de un espacio de encuentro y escucha profunda orientado a comprender lo que sucede m\u00e1s all\u00e1 de lo evidente. A trav\u00e9s del di\u00e1logo, se exploran pensamientos, emociones y experiencias que influyen en la manera de relacionarse, sentir y tomar decisiones. No se limita al alivio de s\u00edntomas, sino que busca descubrir el sentido [&hellip;]<\/p>\n","protected":false},"author":1,"featured_media":0,"parent":0,"menu_order":0,"comment_status":"closed","ping_status":"closed","template":"","meta":{"_et_pb_use_builder":"on","_et_pb_old_content":"","_et_gb_content_width":"","_joinchat":[],"footnotes":""},"class_list":["post-194","page","type-page","status-publish","hentry"],"_links":{"self":[{"href":"https:\/\/miguelmoratepsicologo.com\/index.php\/wp-json\/wp\/v2\/pages\/194","targetHints":{"allow":["GET"]}}],"collection":[{"href":"https:\/\/miguelmoratepsicologo.com\/index.php\/wp-json\/wp\/v2\/pages"}],"about":[{"href":"https:\/\/miguelmoratepsicologo.com\/index.php\/wp-json\/wp\/v2\/types\/page"}],"author":[{"embeddable":true,"href":"https:\/\/miguelmoratepsicologo.com\/index.php\/wp-json\/wp\/v2\/users\/1"}],"replies":[{"embeddable":true,"href":"https:\/\/miguelmoratepsicologo.com\/index.php\/wp-json\/wp\/v2\/comments?post=194"}],"version-history":[{"count":270,"href":"https:\/\/miguelmoratepsicologo.com\/index.php\/wp-json\/wp\/v2\/pages\/194\/revisions"}],"predecessor-version":[{"id":1474,"href":"https:\/\/miguelmoratepsicologo.com\/index.php\/wp-json\/wp\/v2\/pages\/194\/revisions\/1474"}],"wp:attachment":[{"href":"https:\/\/miguelmoratepsicologo.com\/index.php\/wp-json\/wp\/v2\/media?parent=194"}],"curies":[{"name":"wp","href":"https:\/\/api.w.org\/{rel}","templated":true}]}}