{"id":161,"date":"2025-03-31T11:26:00","date_gmt":"2025-03-31T11:26:00","guid":{"rendered":"https:\/\/miguelmoratepsicologo.com\/?page_id=161"},"modified":"2026-05-02T10:26:08","modified_gmt":"2026-05-02T10:26:08","slug":"servicios","status":"publish","type":"page","link":"https:\/\/miguelmoratepsicologo.com\/index.php\/servicios\/","title":{"rendered":"Servicios"},"content":{"rendered":"<p>[et_pb_section fb_built=\u00bb1&#8243; module_id=\u00bbsaludmental\u00bb _builder_version=\u00bb4.27.0&#8243; _module_preset=\u00bbdefault\u00bb global_colors_info=\u00bb{}\u00bb][et_pb_row column_structure=\u00bb2_5,3_5&#8243; module_id=\u00bbmental\u00bb _builder_version=\u00bb4.27.0&#8243; _module_preset=\u00bbdefault\u00bb max_width=\u00bb1393px\u00bb global_colors_info=\u00bb{}\u00bb][et_pb_column type=\u00bb2_5&#8243; _builder_version=\u00bb4.27.0&#8243; _module_preset=\u00bbdefault\u00bb global_colors_info=\u00bb{}\u00bb][et_pb_image src=\u00bbhttps:\/\/miguelmoratepsicologo.com\/wp-content\/uploads\/2025\/03\/servicios-2.jpg\u00bb title_text=\u00bbservicios-2&#8243; _builder_version=\u00bb4.27.0&#8243; _module_preset=\u00bbdefault\u00bb global_colors_info=\u00bb{}\u00bb][\/et_pb_image][\/et_pb_column][et_pb_column type=\u00bb3_5&#8243; _builder_version=\u00bb4.27.0&#8243; _module_preset=\u00bbdefault\u00bb global_colors_info=\u00bb{}\u00bb][et_pb_blurb title=\u00bbSalud mental\u00bb icon_placement=\u00bbleft\u00bb _builder_version=\u00bb4.27.0&#8243; _module_preset=\u00bbdefault\u00bb header_font=\u00bbEB Garamond|800|||||||\u00bb header_text_color=\u00bb#003F77&#8243; header_font_size=\u00bb22px\u00bb header_line_height=\u00bb1.6em\u00bb body_font=\u00bbEB Garamond||||||||\u00bb body_font_size=\u00bb17px\u00bb background_color=\u00bb#ffffff\u00bb min_height=\u00bb319px\u00bb custom_margin=\u00bb0px||||false|false\u00bb custom_padding=\u00bb20px|20px|0px|20px|false|false\u00bb animation_style=\u00bbflip\u00bb border_radii=\u00bbon|6px|6px|6px|6px\u00bb border_width_all=\u00bb3px\u00bb border_color_all=\u00bb#003F77&#8243; box_shadow_style=\u00bbpreset3&#8243; global_colors_info=\u00bb{}\u00bb]<\/p>\n<p data-start=\"116\" data-end=\"356\">Entre los problemas m\u00e1s habituales que trato se encuentran:<\/p>\n<ul data-start=\"385\" data-end=\"863\">\n<li data-start=\"385\" data-end=\"475\">\n<p data-start=\"387\" data-end=\"475\"><strong data-start=\"387\" data-end=\"413\">Trastornos de ansiedad<\/strong>: preocupaci\u00f3n excesiva, miedos intensos o crisis de p\u00e1nico.<\/p>\n<\/li>\n<li data-start=\"476\" data-end=\"557\">\n<p data-start=\"478\" data-end=\"557\"><strong data-start=\"478\" data-end=\"512\">Trastornos del estado de \u00e1nimo<\/strong>: como la depresi\u00f3n o el trastorno bipolar.<\/p>\n<\/li>\n<li data-start=\"558\" data-end=\"663\">\n<p data-start=\"560\" data-end=\"663\"><strong data-start=\"560\" data-end=\"599\">Trastorno obsesivo-compulsivo (TOC)<\/strong>: pensamientos repetitivos y conductas dif\u00edciles de controlar.<\/p>\n<\/li>\n<li data-start=\"664\" data-end=\"752\">\n<p data-start=\"666\" data-end=\"752\"><strong data-start=\"666\" data-end=\"719\">Trastornos relacionados con el trauma y el estr\u00e9s<\/strong>: como el estr\u00e9s postraum\u00e1tico.<\/p>\n<\/li>\n<li data-start=\"753\" data-end=\"863\">\n<p data-start=\"755\" data-end=\"863\"><strong data-start=\"755\" data-end=\"796\">Trastornos de la conducta alimentaria<\/strong>: dificultades en la relaci\u00f3n con la comida y la imagen corporal.<\/p>\n<\/li>\n<li data-start=\"753\" data-end=\"863\"><strong>Trastornos psic\u00f3ticos<\/strong>: alteraciones mentales que implican una p\u00e9rdida del contacto con la realidad.<\/li>\n<li data-start=\"753\" data-end=\"863\"><strong>Trastornos psicosomaticos<\/strong>: afecciones f\u00edsicas que se originan o empeoran por factores psicol\u00f3gicos.<\/li>\n<\/ul>\n<p>[\/et_pb_blurb][\/et_pb_column][\/et_pb_row][\/et_pb_section][et_pb_section fb_built=\u00bb1&#8243; disabled_on=\u00bbon|on|off\u00bb module_id=\u00bbalergias\u00bb _builder_version=\u00bb4.27.0&#8243; _module_preset=\u00bbdefault\u00bb background_color=\u00bb#efefef\u00bb global_colors_info=\u00bb{}\u00bb][et_pb_row column_structure=\u00bb2_3,1_3&#8243; _builder_version=\u00bb4.27.0&#8243; _module_preset=\u00bbdefault\u00bb max_width=\u00bb1393px\u00bb global_colors_info=\u00bb{}\u00bb][et_pb_column type=\u00bb2_3&#8243; _builder_version=\u00bb4.27.0&#8243; _module_preset=\u00bbdefault\u00bb global_colors_info=\u00bb{}\u00bb][et_pb_blurb title=\u00bbTrastornos Cardiovasculares\u00bb icon_placement=\u00bbleft\u00bb _builder_version=\u00bb4.27.0&#8243; _module_preset=\u00bbdefault\u00bb header_font=\u00bbEB Garamond|800|||||||\u00bb header_text_color=\u00bb#003F77&#8243; header_font_size=\u00bb22px\u00bb header_line_height=\u00bb1.6em\u00bb body_font=\u00bbEB Garamond||||||||\u00bb body_font_size=\u00bb17px\u00bb background_color=\u00bb#ffffff\u00bb custom_margin=\u00bb0px||||false|false\u00bb custom_padding=\u00bb20px|20px|20px|20px|false|false\u00bb animation_style=\u00bbflip\u00bb border_radii=\u00bbon|6px|6px|6px|6px\u00bb border_width_all=\u00bb3px\u00bb border_color_all=\u00bb#003F77&#8243; box_shadow_style=\u00bbpreset3&#8243; global_colors_info=\u00bb{}\u00bb]<\/p>\n<p>Los <strong>trastornos cardiovasculares<\/strong> son enfermedades del sistema cardiovascular que afectan el funcionamiento del coraz\u00f3n y de los vasos sangu\u00edneos encargados de transportar la sangre y el ox\u00edgeno por todo el cuerpo. Estas alteraciones pueden aparecer cuando el estr\u00e9s cr\u00f3nico, la ansiedad y la tensi\u00f3n emocional impactan en el organismo. Entre los m\u00e1s comunes se encuentran la <strong>hipertensi\u00f3n arterial<\/strong>, la <strong>cardiopat\u00eda coronaria<\/strong>, el <strong>infarto de miocardio<\/strong>, el <strong>accidente cerebrovascular<\/strong> y la <strong>insuficiencia card\u00edaca<\/strong>, lo que puede provocar s\u00edntomas como dolor en el pecho, dificultad para respirar, cansancio y mareos.<\/p>\n<p>[\/et_pb_blurb][\/et_pb_column][et_pb_column type=\u00bb1_3&#8243; _builder_version=\u00bb4.27.0&#8243; _module_preset=\u00bbdefault\u00bb global_colors_info=\u00bb{}\u00bb][et_pb_image src=\u00bbhttps:\/\/miguelmoratepsicologo.com\/wp-content\/uploads\/2025\/05\/servicios-4.jpg\u00bb title_text=\u00bbservicios-4&#8243; _builder_version=\u00bb4.27.0&#8243; _module_preset=\u00bbdefault\u00bb global_colors_info=\u00bb{}\u00bb][\/et_pb_image][\/et_pb_column][\/et_pb_row][\/et_pb_section][et_pb_section fb_built=\u00bb1&#8243; module_id=\u00bbalergiasmovil\u00bb _builder_version=\u00bb4.27.0&#8243; _module_preset=\u00bbdefault\u00bb background_color=\u00bb#efefef\u00bb global_colors_info=\u00bb{}\u00bb][et_pb_row column_structure=\u00bb1_3,2_3&#8243; disabled_on=\u00bboff|off|on\u00bb _builder_version=\u00bb4.27.0&#8243; _module_preset=\u00bbdefault\u00bb max_width=\u00bb1393px\u00bb global_colors_info=\u00bb{}\u00bb][et_pb_column type=\u00bb1_3&#8243; _builder_version=\u00bb4.27.0&#8243; _module_preset=\u00bbdefault\u00bb global_colors_info=\u00bb{}\u00bb][et_pb_image src=\u00bbhttps:\/\/miguelmoratepsicologo.com\/wp-content\/uploads\/2025\/05\/servicios-4.jpg\u00bb title_text=\u00bbservicios-4&#8243; _builder_version=\u00bb4.27.0&#8243; _module_preset=\u00bbdefault\u00bb global_colors_info=\u00bb{}\u00bb][\/et_pb_image][\/et_pb_column][et_pb_column type=\u00bb2_3&#8243; _builder_version=\u00bb4.27.0&#8243; _module_preset=\u00bbdefault\u00bb global_colors_info=\u00bb{}\u00bb][et_pb_blurb title=\u00bbTrastornos cardiovasculares\u00bb icon_placement=\u00bbleft\u00bb _builder_version=\u00bb4.27.0&#8243; _module_preset=\u00bbdefault\u00bb header_font=\u00bbEB Garamond|800|||||||\u00bb header_text_color=\u00bb#003F77&#8243; header_font_size=\u00bb22px\u00bb header_line_height=\u00bb1.6em\u00bb body_font=\u00bbEB Garamond||||||||\u00bb body_font_size=\u00bb17px\u00bb background_color=\u00bb#ffffff\u00bb custom_margin=\u00bb0px||||false|false\u00bb custom_padding=\u00bb20px|20px|20px|20px|false|false\u00bb animation_style=\u00bbflip\u00bb border_radii=\u00bbon|6px|6px|6px|6px\u00bb border_width_all=\u00bb3px\u00bb border_color_all=\u00bb#003F77&#8243; box_shadow_style=\u00bbpreset3&#8243; global_colors_info=\u00bb{}\u00bb]<\/p>\n<p>Los <strong>trastornos cardiovasculares<\/strong> son enfermedades del sistema cardiovascular que afectan el funcionamiento del coraz\u00f3n y de los vasos sangu\u00edneos encargados de transportar la sangre y el ox\u00edgeno por todo el cuerpo. Estas alteraciones pueden aparecer cuando el estr\u00e9s cr\u00f3nico, la ansiedad y la tensi\u00f3n emocional impactan en el organismo. Entre los m\u00e1s comunes se encuentran la <strong>hipertensi\u00f3n arterial<\/strong>, la <strong>cardiopat\u00eda coronaria<\/strong>, el <strong>infarto de miocardio<\/strong>, el <strong>accidente cerebrovascular<\/strong> y la <strong>insuficiencia card\u00edaca<\/strong>, lo que puede provocar s\u00edntomas como dolor en el pecho, dificultad para respirar, cansancio y mareos.<\/p>\n<p>[\/et_pb_blurb][\/et_pb_column][\/et_pb_row][\/et_pb_section][et_pb_section fb_built=\u00bb1&#8243; module_id=\u00bbautoinmune\u00bb _builder_version=\u00bb4.27.0&#8243; _module_preset=\u00bbdefault\u00bb global_colors_info=\u00bb{}\u00bb][et_pb_row column_structure=\u00bb1_3,2_3&#8243; _builder_version=\u00bb4.27.0&#8243; _module_preset=\u00bbdefault\u00bb max_width=\u00bb1393px\u00bb global_colors_info=\u00bb{}\u00bb][et_pb_column type=\u00bb1_3&#8243; _builder_version=\u00bb4.27.0&#8243; _module_preset=\u00bbdefault\u00bb global_colors_info=\u00bb{}\u00bb][et_pb_image src=\u00bbhttps:\/\/miguelmoratepsicologo.com\/wp-content\/uploads\/2025\/03\/servicios-3.jpg\u00bb title_text=\u00bbservicios-3&#8243; _builder_version=\u00bb4.27.0&#8243; _module_preset=\u00bbdefault\u00bb global_colors_info=\u00bb{}\u00bb][\/et_pb_image][\/et_pb_column][et_pb_column type=\u00bb2_3&#8243; _builder_version=\u00bb4.27.0&#8243; _module_preset=\u00bbdefault\u00bb global_colors_info=\u00bb{}\u00bb][et_pb_blurb title=\u00bbEnfermedades inmunol\u00f3gicas\u00bb icon_placement=\u00bbleft\u00bb _builder_version=\u00bb4.27.0&#8243; _module_preset=\u00bbdefault\u00bb header_font=\u00bbEB Garamond|800|||||||\u00bb header_text_color=\u00bb#003F77&#8243; header_font_size=\u00bb22px\u00bb header_line_height=\u00bb1.6em\u00bb body_font=\u00bbEB Garamond||||||||\u00bb body_font_size=\u00bb17px\u00bb background_color=\u00bb#ffffff\u00bb custom_margin=\u00bb2px||||false|false\u00bb custom_padding=\u00bb20px|20px|20px|20px|false|false\u00bb animation_style=\u00bbflip\u00bb border_radii=\u00bbon|6px|6px|6px|6px\u00bb border_width_all=\u00bb3px\u00bb border_color_all=\u00bb#003F77&#8243; box_shadow_style=\u00bbpreset3&#8243; global_colors_info=\u00bb{}\u00bb]<\/p>\n<p>Los <strong>trastornos inmunol\u00f3gicos<\/strong> son alteraciones en el funcionamiento del sistema inmunitario que afectan al equilibrio de las defensas del organismo y a su capacidad para protegerse adecuadamente frente a agentes externos. Estas alteraciones pueden manifestarse de distintas formas, como <strong>alergias<\/strong>, <strong>enfermedades autoinmunes<\/strong> o <strong>inmunodeficiencias<\/strong>. Como consecuencia, el organismo puede reaccionar de forma desproporcionada ante sustancias inofensivas, atacar por error a sus propios tejidos o mostrar una menor capacidad para combatir infecciones. Diversos estudios se\u00f1alan que la aparici\u00f3n y evoluci\u00f3n de estos trastornos tambi\u00e9n pueden verse influidas por factores psicosom\u00e1ticos.<\/p>\n<p>[\/et_pb_blurb][\/et_pb_column][\/et_pb_row][\/et_pb_section][et_pb_section fb_built=\u00bb1&#8243; disabled_on=\u00bbon|on|off\u00bb module_id=\u00bbdolor\u00bb _builder_version=\u00bb4.27.0&#8243; _module_preset=\u00bbdefault\u00bb background_color=\u00bb#efefef\u00bb global_colors_info=\u00bb{}\u00bb][et_pb_row column_structure=\u00bb2_3,1_3&#8243; _builder_version=\u00bb4.27.0&#8243; _module_preset=\u00bbdefault\u00bb max_width=\u00bb1393px\u00bb global_colors_info=\u00bb{}\u00bb][et_pb_column type=\u00bb2_3&#8243; _builder_version=\u00bb4.27.0&#8243; _module_preset=\u00bbdefault\u00bb global_colors_info=\u00bb{}\u00bb][et_pb_blurb title=\u00bbAlteraciones endocrinas\u00bb icon_placement=\u00bbleft\u00bb _builder_version=\u00bb4.27.0&#8243; _module_preset=\u00bbdefault\u00bb header_font=\u00bbEB Garamond|800|||||||\u00bb header_text_color=\u00bb#003F77&#8243; header_font_size=\u00bb22px\u00bb header_line_height=\u00bb1.6em\u00bb body_font=\u00bbEB Garamond||||||||\u00bb body_font_size=\u00bb17px\u00bb background_color=\u00bb#ffffff\u00bb custom_margin=\u00bb0px||||false|false\u00bb custom_padding=\u00bb20px|20px|20px|20px|false|false\u00bb animation_style=\u00bbflip\u00bb hover_enabled=\u00bb0&#8243; border_radii=\u00bbon|6px|6px|6px|6px\u00bb border_width_all=\u00bb3px\u00bb border_color_all=\u00bb#003F77&#8243; box_shadow_style=\u00bbpreset3&#8243; global_colors_info=\u00bb{}\u00bb sticky_enabled=\u00bb0&#8243;]<\/p>\n<p>Las alteraciones endocrinas son trastornos del sistema endocrino que afectan la producci\u00f3n o el equilibrio de las hormonas encargadas de regular funciones como el metabolismo, el crecimiento y la reproducci\u00f3n. Surgen cuando una gl\u00e1ndula produce demasiadas o muy pocas hormonas, y pueden verse influidas no solo por factores biol\u00f3gicos, sino tambi\u00e9n por aspectos psicosom\u00e1ticos como el estr\u00e9s y las emociones. Entre las m\u00e1s comunes se encuentran la <strong>diabetes mellitus<\/strong>, el <strong>hipotiroidismo<\/strong>, el <strong>hipertiroidismo<\/strong>, el s\u00edndrome de <strong>ovario poliqu\u00edstico<\/strong> y algunos trastornos de las gl\u00e1ndulas suprarrenales, lo que puede provocar s\u00edntomas como cambios de peso, cansancio y alteraciones metab\u00f3licas.<\/p>\n<p>[\/et_pb_blurb][\/et_pb_column][et_pb_column type=\u00bb1_3&#8243; _builder_version=\u00bb4.27.0&#8243; _module_preset=\u00bbdefault\u00bb global_colors_info=\u00bb{}\u00bb][et_pb_image src=\u00bbhttps:\/\/miguelmoratepsicologo.com\/wp-content\/uploads\/2025\/03\/servicios-1.jpg\u00bb title_text=\u00bbservicios-1&#8243; _builder_version=\u00bb4.27.0&#8243; _module_preset=\u00bbdefault\u00bb global_colors_info=\u00bb{}\u00bb][\/et_pb_image][\/et_pb_column][\/et_pb_row][\/et_pb_section][et_pb_section fb_built=\u00bb1&#8243; disabled_on=\u00bboff|off|on\u00bb module_id=\u00bbdolormovil\u00bb _builder_version=\u00bb4.27.0&#8243; _module_preset=\u00bbdefault\u00bb background_color=\u00bb#efefef\u00bb global_colors_info=\u00bb{}\u00bb][et_pb_row column_structure=\u00bb1_3,2_3&#8243; _builder_version=\u00bb4.27.0&#8243; _module_preset=\u00bbdefault\u00bb max_width=\u00bb1393px\u00bb global_colors_info=\u00bb{}\u00bb][et_pb_column type=\u00bb1_3&#8243; _builder_version=\u00bb4.27.0&#8243; _module_preset=\u00bbdefault\u00bb global_colors_info=\u00bb{}\u00bb][et_pb_image src=\u00bbhttps:\/\/miguelmoratepsicologo.com\/wp-content\/uploads\/2025\/03\/servicios-1.jpg\u00bb title_text=\u00bbservicios-1&#8243; _builder_version=\u00bb4.27.0&#8243; _module_preset=\u00bbdefault\u00bb global_colors_info=\u00bb{}\u00bb][\/et_pb_image][\/et_pb_column][et_pb_column type=\u00bb2_3&#8243; _builder_version=\u00bb4.27.0&#8243; _module_preset=\u00bbdefault\u00bb global_colors_info=\u00bb{}\u00bb][et_pb_blurb title=\u00bbAlteraciones endocrinas\u00bb icon_placement=\u00bbleft\u00bb _builder_version=\u00bb4.27.0&#8243; _module_preset=\u00bbdefault\u00bb header_font=\u00bbEB Garamond|800|||||||\u00bb header_text_color=\u00bb#003F77&#8243; header_font_size=\u00bb22px\u00bb header_line_height=\u00bb1.6em\u00bb body_font=\u00bbEB Garamond||||||||\u00bb body_font_size=\u00bb17px\u00bb background_color=\u00bb#ffffff\u00bb custom_margin=\u00bb0px||||false|false\u00bb custom_padding=\u00bb20px|20px|20px|20px|false|false\u00bb animation_style=\u00bbflip\u00bb hover_enabled=\u00bb0&#8243; border_radii=\u00bbon|6px|6px|6px|6px\u00bb border_width_all=\u00bb3px\u00bb border_color_all=\u00bb#003F77&#8243; box_shadow_style=\u00bbpreset3&#8243; global_colors_info=\u00bb{}\u00bb sticky_enabled=\u00bb0&#8243;]<\/p>\n<p><span>Las alteraciones endocrinas son trastornos del sistema endocrino que afectan la producci\u00f3n o el equilibrio de las hormonas encargadas de regular funciones como el metabolismo, el crecimiento y la reproducci\u00f3n. Surgen cuando una gl\u00e1ndula produce demasiadas o muy pocas hormonas, y pueden verse influidas no solo por factores biol\u00f3gicos, sino tambi\u00e9n por aspectos psicosom\u00e1ticos como el estr\u00e9s y las emociones. Entre las m\u00e1s comunes se encuentran la\u00a0<\/span><strong>diabetes mellitus<\/strong><span>, el\u00a0<\/span><strong>hipotiroidismo<\/strong><span>, el\u00a0<\/span><strong>hipertiroidismo<\/strong><span>, el s\u00edndrome de\u00a0<\/span><strong>ovario poliqu\u00edstico<\/strong><span>\u00a0y algunos trastornos de las gl\u00e1ndulas suprarrenales, lo que puede provocar s\u00edntomas como cambios de peso, cansancio y alteraciones metab\u00f3licas.<\/span><\/p>\n<p>[\/et_pb_blurb][\/et_pb_column][\/et_pb_row][\/et_pb_section][et_pb_section fb_built=\u00bb1&#8243; _builder_version=\u00bb4.27.0&#8243; _module_preset=\u00bbdefault\u00bb background_color=\u00bb#efefef\u00bb global_colors_info=\u00bb{}\u00bb][et_pb_row column_structure=\u00bb1_2,1_2&#8243; _builder_version=\u00bb4.27.0&#8243; _module_preset=\u00bbdefault\u00bb global_colors_info=\u00bb{}\u00bb][et_pb_column type=\u00bb1_2&#8243; _builder_version=\u00bb4.27.0&#8243; _module_preset=\u00bbdefault\u00bb global_colors_info=\u00bb{}\u00bb][et_pb_button button_url=\u00bbhttps:\/\/miguelmoratepsicologo.com\/index.php\/sobre-mi\/\u00bb button_text=\u00bbM\u00c1S INFORMACI\u00d3N SOBRE M\u00cd\u00bb button_alignment=\u00bbcenter\u00bb _builder_version=\u00bb4.27.0&#8243; _module_preset=\u00bb_initial\u00bb custom_button=\u00bbon\u00bb button_text_size=\u00bb14px\u00bb button_text_color=\u00bb#ffffff\u00bb button_bg_color=\u00bb#003F77&#8243; button_border_width=\u00bb0px\u00bb button_border_radius=\u00bb0px\u00bb button_letter_spacing=\u00bb0.04em\u00bb button_font=\u00bbInter|700||on|||||\u00bb custom_padding=\u00bb15px|30px|15px|30px|true|true\u00bb global_colors_info=\u00bb{}\u00bb][\/et_pb_button][\/et_pb_column][et_pb_column type=\u00bb1_2&#8243; _builder_version=\u00bb4.27.0&#8243; _module_preset=\u00bbdefault\u00bb global_colors_info=\u00bb{}\u00bb][et_pb_button button_url=\u00bbhttps:\/\/miguelmoratepsicologo.com\/index.php\/tratamientos\/\u00bb button_text=\u00bbM\u00c1S INFORMACI\u00d3N SOBRE TRATAMIENTOS\u00bb button_alignment=\u00bbcenter\u00bb _builder_version=\u00bb4.27.0&#8243; _module_preset=\u00bb_initial\u00bb custom_button=\u00bbon\u00bb button_text_size=\u00bb14px\u00bb button_text_color=\u00bb#ffffff\u00bb button_bg_color=\u00bb#003F77&#8243; button_border_width=\u00bb0px\u00bb button_border_radius=\u00bb0px\u00bb button_letter_spacing=\u00bb0.04em\u00bb button_font=\u00bbInter|700||on|||||\u00bb custom_padding=\u00bb15px|30px|15px|30px|true|true\u00bb global_colors_info=\u00bb{}\u00bb][\/et_pb_button][\/et_pb_column][\/et_pb_row][\/et_pb_section][et_pb_section fb_built=\u00bb1&#8243; admin_label=\u00bbTestimonials\u00bb _builder_version=\u00bb4.27.0&#8243; _module_preset=\u00bbdefault\u00bb background_color=\u00bb#003F77&#8243; background_enable_image=\u00bboff\u00bb background_size=\u00bbcustom\u00bb background_image_width=\u00bb31%\u00bb background_position=\u00bbcenter_right\u00bb background_blend=\u00bbmultiply\u00bb locked=\u00bboff\u00bb collapsed=\u00bbon\u00bb global_colors_info=\u00bb{}\u00bb][et_pb_row column_structure=\u00bb1_2,1_2&#8243; _builder_version=\u00bb4.27.0&#8243; _module_preset=\u00bbdefault\u00bb global_colors_info=\u00bb{}\u00bb][et_pb_column type=\u00bb1_2&#8243; _builder_version=\u00bb4.27.0&#8243; _module_preset=\u00bbdefault\u00bb global_colors_info=\u00bb{}\u00bb][et_pb_image src=\u00bbhttps:\/\/miguelmoratepsicologo.com\/wp-content\/uploads\/2025\/10\/03-Miguel-logo-new-blanco-scaled.png\u00bb title_text=\u00bb03 Miguel logo new blanco\u00bb _builder_version=\u00bb4.27.0&#8243; _module_preset=\u00bbdefault\u00bb width=\u00bb74%\u00bb max_width=\u00bb100%\u00bb module_alignment=\u00bbleft\u00bb custom_margin=\u00bb73px|||||\u00bb global_colors_info=\u00bb{}\u00bb][\/et_pb_image][\/et_pb_column][et_pb_column type=\u00bb1_2&#8243; _builder_version=\u00bb4.27.0&#8243; _module_preset=\u00bbdefault\u00bb global_colors_info=\u00bb{}\u00bb][et_pb_text _builder_version=\u00bb4.27.0&#8243; _module_preset=\u00bbdefault\u00bb text_font=\u00bbInter|700|||||||\u00bb text_text_color=\u00bb#ffffff\u00bb text_font_size=\u00bb27px\u00bb text_letter_spacing=\u00bb5px\u00bb global_colors_info=\u00bb{}\u00bb]<\/p>\n<p>CONTACTO<\/p>\n<p>[\/et_pb_text][et_pb_blurb title=\u00bb687 701 357&#8243; use_icon=\u00bbon\u00bb font_icon=\u00bb&#xf232;||fa||400&#8243; icon_color=\u00bb#BEDEED\u00bb icon_placement=\u00bbleft\u00bb image_icon_width=\u00bb19px\u00bb _builder_version=\u00bb4.27.0&#8243; _module_preset=\u00bbdefault\u00bb header_font=\u00bbInter||||||||\u00bb header_text_color=\u00bb#ffffff\u00bb custom_margin=\u00bb|||30px|false|false\u00bb global_colors_info=\u00bb{}\u00bb][\/et_pb_blurb][et_pb_blurb title=\u00bbmiguelmoratepsicologo@gmail.com\u00bb url=\u00bbmailto:miguelmoratepsicologo@gmail.com\u00bb use_icon=\u00bbon\u00bb font_icon=\u00bb&#xf2b6;||fa||400&#8243; icon_color=\u00bb#BEDEED\u00bb icon_placement=\u00bbleft\u00bb image_icon_width=\u00bb19px\u00bb _builder_version=\u00bb4.27.0&#8243; _module_preset=\u00bbdefault\u00bb header_font=\u00bbInter||||||||\u00bb header_text_color=\u00bb#ffffff\u00bb header_font_size=\u00bb14px\u00bb custom_margin=\u00bb|||30px|false|false\u00bb global_colors_info=\u00bb{}\u00bb][\/et_pb_blurb][et_pb_blurb title=\u00bbCalle de la Explanada 12, 28040 Madrid. \u00bb use_icon=\u00bbon\u00bb font_icon=\u00bb&#xe01d;||divi||400&#8243; icon_color=\u00bb#BEDEED\u00bb icon_placement=\u00bbleft\u00bb image_icon_width=\u00bb19px\u00bb _builder_version=\u00bb4.27.0&#8243; _module_preset=\u00bbdefault\u00bb header_font=\u00bbInter||||||||\u00bb header_text_color=\u00bb#ffffff\u00bb body_font=\u00bbEB Garamond||||||||\u00bb body_text_color=\u00bb#ffffff\u00bb custom_margin=\u00bb|||30px|false|false\u00bb global_colors_info=\u00bb{}\u00bb]<\/p>\n<p>(Metro: Cuatro Caminos, Guzm\u00e1n el Bueno)<\/p>\n<p>[\/et_pb_blurb][\/et_pb_column][\/et_pb_row][\/et_pb_section]<\/p>\n","protected":false},"excerpt":{"rendered":"<p>Entre los problemas m\u00e1s habituales que trato se encuentran: Trastornos de ansiedad: preocupaci\u00f3n excesiva, miedos intensos o crisis de p\u00e1nico. Trastornos del estado de \u00e1nimo: como la depresi\u00f3n o el trastorno bipolar. Trastorno obsesivo-compulsivo (TOC): pensamientos repetitivos y conductas dif\u00edciles de controlar. Trastornos relacionados con el trauma y el estr\u00e9s: como el estr\u00e9s postraum\u00e1tico. Trastornos [&hellip;]<\/p>\n","protected":false},"author":1,"featured_media":0,"parent":0,"menu_order":0,"comment_status":"closed","ping_status":"closed","template":"","meta":{"_et_pb_use_builder":"on","_et_pb_old_content":"","_et_gb_content_width":"","_joinchat":[],"footnotes":""},"class_list":["post-161","page","type-page","status-publish","hentry"],"_links":{"self":[{"href":"https:\/\/miguelmoratepsicologo.com\/index.php\/wp-json\/wp\/v2\/pages\/161","targetHints":{"allow":["GET"]}}],"collection":[{"href":"https:\/\/miguelmoratepsicologo.com\/index.php\/wp-json\/wp\/v2\/pages"}],"about":[{"href":"https:\/\/miguelmoratepsicologo.com\/index.php\/wp-json\/wp\/v2\/types\/page"}],"author":[{"embeddable":true,"href":"https:\/\/miguelmoratepsicologo.com\/index.php\/wp-json\/wp\/v2\/users\/1"}],"replies":[{"embeddable":true,"href":"https:\/\/miguelmoratepsicologo.com\/index.php\/wp-json\/wp\/v2\/comments?post=161"}],"version-history":[{"count":61,"href":"https:\/\/miguelmoratepsicologo.com\/index.php\/wp-json\/wp\/v2\/pages\/161\/revisions"}],"predecessor-version":[{"id":1436,"href":"https:\/\/miguelmoratepsicologo.com\/index.php\/wp-json\/wp\/v2\/pages\/161\/revisions\/1436"}],"wp:attachment":[{"href":"https:\/\/miguelmoratepsicologo.com\/index.php\/wp-json\/wp\/v2\/media?parent=161"}],"curies":[{"name":"wp","href":"https:\/\/api.w.org\/{rel}","templated":true}]}}