{"id":120,"date":"2025-03-19T15:28:55","date_gmt":"2025-03-19T15:28:55","guid":{"rendered":"https:\/\/miguelmoratepsicologo.com\/?page_id=120"},"modified":"2026-05-11T17:40:07","modified_gmt":"2026-05-11T17:40:07","slug":"sobre-mi","status":"publish","type":"page","link":"https:\/\/miguelmoratepsicologo.com\/index.php\/sobre-mi\/","title":{"rendered":"Sobre m\u00ed"},"content":{"rendered":"<p>[et_pb_section fb_built=\u00bb1&#8243; admin_label=\u00bbMy Books\u00bb _builder_version=\u00bb4.27.0&#8243; _module_preset=\u00bbdefault\u00bb background_color=\u00bbrgba(190,222,237,0.24)\u00bb custom_padding=\u00bb45px||45px||true|\u00bb collapsed=\u00bbon\u00bb global_colors_info=\u00bb{}\u00bb][et_pb_row column_structure=\u00bb1_3,2_3&#8243; _builder_version=\u00bb4.27.0&#8243; _module_preset=\u00bbdefault\u00bb max_width=\u00bb1393px\u00bb global_colors_info=\u00bb{}\u00bb][et_pb_column type=\u00bb1_3&#8243; _builder_version=\u00bb4.27.0&#8243; _module_preset=\u00bbdefault\u00bb global_colors_info=\u00bb{}\u00bb][et_pb_image src=\u00bbhttps:\/\/miguelmoratepsicologo.com\/wp-content\/uploads\/2025\/03\/Foto-Miguel.jpg\u00bb title_text=\u00bbFoto Miguel\u00bb _builder_version=\u00bb4.27.0&#8243; _module_preset=\u00bbdefault\u00bb z_index=\u00bb11&#8243; custom_padding=\u00bb0%|10%|0px|10%|false|true\u00bb animation_style=\u00bbfade\u00bb border_width_all=\u00bb16px\u00bb border_color_all=\u00bb#FFFFFF\u00bb box_shadow_style=\u00bbpreset3&#8243; box_shadow_horizontal=\u00bb10px\u00bb box_shadow_vertical=\u00bb40px\u00bb box_shadow_blur=\u00bb40px\u00bb box_shadow_spread=\u00bb10px\u00bb box_shadow_color=\u00bbrgba(0,0,0,0.11)\u00bb global_colors_info=\u00bb{}\u00bb box_shadow_color__hover=\u00bbRGBA(255,255,255,0)\u00bb box_shadow_color__hover_enabled=\u00bbon|hover\u00bb transform_styles__hover_enabled=\u00bbon|hover\u00bb transform_scale__hover=\u00bb99%|99%\u00bb transform_scale__hover_enabled=\u00bbon|hover\u00bb transform_translate__hover_enabled=\u00bbon|hover\u00bb transform_rotate__hover_enabled=\u00bbon|hover\u00bb transform_skew__hover_enabled=\u00bbon|hover\u00bb transform_origin__hover_enabled=\u00bbon|hover\u00bb][\/et_pb_image][\/et_pb_column][et_pb_column type=\u00bb2_3&#8243; _builder_version=\u00bb4.27.0&#8243; _module_preset=\u00bbdefault\u00bb global_colors_info=\u00bb{}\u00bb][et_pb_text _builder_version=\u00bb4.27.0&#8243; _module_preset=\u00bbdefault\u00bb text_font=\u00bbEB Garamond||||||||\u00bb text_font_size=\u00bb17px\u00bb background_color=\u00bbrgba(183,183,183,0.14)\u00bb custom_padding=\u00bb40px|40px|40px|40px|true|true\u00bb border_radii=\u00bbon|6px|6px|6px|6px\u00bb global_colors_info=\u00bb{}\u00bb]<\/p>\n<p class=\"p1\" style=\"text-align: left;\">Soy <strong>psic\u00f3logo <\/strong>con una amplia experiencia en hospitales, donde he trabajado en el abordaje integral de los problemas mentales y psicosom\u00e1ticos. Actualmente, ejerzo como Director del Hospital de D\u00eda de Salud Mental El Viso en Madrid, coordinando un equipo dedicado a ofrecer intervenciones terap\u00e9uticas personalizadas y efectivas. Adem\u00e1s, desarrollo mi pr\u00e1ctica en consulta privada, brindando un espacio confidencial y profesional adaptado a las necesidades de cada paciente. <span class=\"Apple-converted-space\">\u00a0<\/span><\/p>\n<p class=\"p1\" style=\"text-align: left;\">A lo largo de mi carrera, me he formado y acreditado como <strong>psicoanalista junguiano<\/strong>, consolidando un enfoque din\u00e1mico y profundo para abordar los conflictos internos y promover el autoconocimiento. Con el prop\u00f3sito de ofrecer tratamientos m\u00e1s integrales y eficaces, me he formado en <strong>homeopat\u00eda<\/strong>. Este enfoque permite acelerar los tiempos de tratamiento y garantiza una atenci\u00f3n completa que abarca todos los aspectos del bienestar de mis pacientes. <span class=\"Apple-converted-space\">\u00a0<\/span><\/p>\n<p class=\"p1\" style=\"text-align: left;\"><span style=\"color: #003f77;\"><strong>Mi objetivo profesional es proporcionar una atenci\u00f3n que contemple la complejidad del ser humano, ofreciendo soluciones personalizadas y promoviendo un equilibrio duradero entre cuerpo y mente.<\/strong><\/span><\/p>\n<p>[\/et_pb_text][\/et_pb_column][\/et_pb_row][et_pb_row column_structure=\u00bb1_2,1_2&#8243; _builder_version=\u00bb4.27.0&#8243; _module_preset=\u00bbdefault\u00bb max_width=\u00bb1393px\u00bb global_colors_info=\u00bb{}\u00bb][et_pb_column type=\u00bb1_2&#8243; _builder_version=\u00bb4.27.0&#8243; _module_preset=\u00bbdefault\u00bb global_colors_info=\u00bb{}\u00bb][et_pb_blurb title=\u00bbFormaci\u00f3n\u00bb use_icon=\u00bbon\u00bb font_icon=\u00bb&#xf19d;||fa||900&#8243; icon_placement=\u00bbleft\u00bb _builder_version=\u00bb4.27.0&#8243; _module_preset=\u00bbdefault\u00bb header_font=\u00bbEB Garamond|800|||||||\u00bb header_text_color=\u00bb#003F77&#8243; header_font_size=\u00bb22px\u00bb header_line_height=\u00bb1.6em\u00bb body_font=\u00bbEB Garamond||||||||\u00bb body_font_size=\u00bb17px\u00bb background_color=\u00bb#ffffff\u00bb custom_margin=\u00bb0px||||false|false\u00bb custom_padding=\u00bb20px|20px|20px|20px|false|false\u00bb animation_style=\u00bbflip\u00bb border_radii=\u00bbon|6px|6px|6px|6px\u00bb border_width_all=\u00bb3px\u00bb border_color_all=\u00bb#003F77&#8243; box_shadow_style=\u00bbpreset3&#8243; global_colors_info=\u00bb{}\u00bb]<\/p>\n<ul>\n<li class=\"p1\">Grado en Psicolog<span class=\"s1\">\u00ed<\/span>a. M\u00e1ster Oficial (Universidad San Pablo CEU).<\/li>\n<li class=\"p1\">Especialista en Cl<span class=\"s1\">\u00ed<\/span>nica y Psicoterapia Psicoanal<span class=\"s1\">\u00ed<\/span>tica (Universidad Pontificia de Comillas).<\/li>\n<li class=\"p1\">Especialista en Cl<span class=\"s1\">\u00ed<\/span>nica y Psicoterapia Psicoanal<span class=\"s1\">\u00ed<\/span>tica del Ni<span class=\"s1\">\u00f1<\/span>o y su Familia (Universidad Pontificia de Comillas).<\/li>\n<li class=\"p1\">Experto en Psicoterapia de Grupo (Universidad de Salamanca).<\/li>\n<li class=\"p1\">Especialista en Teor\u00eda Cl\u00ednica Junguiana (Sociedad Internacional para el Desarrollo del Psicoan<span class=\"s1\">\u00e1<\/span>lisis Junguiano).<\/li>\n<li class=\"p1\">Diplomado en Psicologia Anal\u00edtica y Psicoterapia Junguiana (C\u00e1tedra de Psicolog\u00eda Cl\u00ednica y Psicoan\u00e1lisis del Ateneo de Madrid).<\/li>\n<li class=\"p1\">Master en Medicina Psicosom<span class=\"s1\">\u00e1<\/span>tica (Instituto Universitario de Psicolog<span class=\"s1\">\u00ed<\/span>a Din<span class=\"s1\">\u00e1<\/span>mica).<\/li>\n<li class=\"p1\">Certificado en Pneuma Breathwork Therapy (Pneuma Institute).<\/li>\n<li class=\"p1\">Diplomado en Terapia Craneosacral (Instituto Somos de Osteopat\u00eda).<\/li>\n<li class=\"p1\">Formaci\u00f3n Continua en Homeopat\u00eda (Escuela de Naturopat\u00eda)<\/li>\n<\/ul>\n<p>[\/et_pb_blurb][et_pb_blurb title=\u00bbExperiencia profesional\u00bb use_icon=\u00bbon\u00bb font_icon=\u00bb&#x77;||divi||400&#8243; icon_placement=\u00bbleft\u00bb _builder_version=\u00bb4.27.0&#8243; _module_preset=\u00bbdefault\u00bb header_font=\u00bbEB Garamond|800|||||||\u00bb header_text_color=\u00bb#003F77&#8243; header_font_size=\u00bb22px\u00bb header_line_height=\u00bb1.6em\u00bb body_font=\u00bbEB Garamond||||||||\u00bb body_font_size=\u00bb17px\u00bb background_color=\u00bb#ffffff\u00bb custom_margin=\u00bb0px||||false|false\u00bb custom_padding=\u00bb20px|20px|20px|20px|false|false\u00bb animation_style=\u00bbflip\u00bb border_radii=\u00bbon|6px|6px|6px|6px\u00bb border_width_all=\u00bb3px\u00bb border_color_all=\u00bb#003F77&#8243; box_shadow_style=\u00bbpreset3&#8243; global_colors_info=\u00bb{}\u00bb]<\/p>\n<ul>\n<li class=\"p1\">\n<p class=\"p1\">Psic<span class=\"s1\">\u00f3<\/span>logo psicoterapeuta en Hospital de D<span class=\"s1\">\u00ed<\/span>a de Salud Mental del Henares. (2008-2014)<\/p>\n<\/li>\n<li class=\"p1\">\n<p class=\"p1\">Coordinador Cl<span class=\"s1\">\u00ed<\/span>nico en Hospital de D<span class=\"s1\">\u00ed<\/span>a de Salud Mental Arturo Soria de Madrid. (2014- 2018).<\/p>\n<\/li>\n<li class=\"p1\">\n<p class=\"p1\">Director del Hospital de D<span class=\"s1\">\u00ed<\/span>a de Salud Mental El Viso de Madrid. (del 2018- 2025)<\/p>\n<\/li>\n<li class=\"p1\">Director del Hospital de D\u00eda de Salud Mental Guzm\u00e1n el Bueno de Madrid. (del 2025 hasta la actualidad)<\/li>\n<li class=\"p1\">\n<p class=\"p1\">Consulta privada en Madrid desde 2010.<\/p>\n<\/li>\n<\/ul>\n<p>[\/et_pb_blurb][\/et_pb_column][et_pb_column type=\u00bb1_2&#8243; _builder_version=\u00bb4.27.0&#8243; _module_preset=\u00bbdefault\u00bb global_colors_info=\u00bb{}\u00bb][et_pb_blurb title=\u00bbPertenencia a sociedades cient\u00edficas\u00bb use_icon=\u00bbon\u00bb font_icon=\u00bb&#xf0c0;||fa||900&#8243; icon_color=\u00bb#003F77&#8243; icon_placement=\u00bbleft\u00bb _builder_version=\u00bb4.27.0&#8243; _module_preset=\u00bbdefault\u00bb header_font=\u00bbEB Garamond|800|||||||\u00bb header_text_color=\u00bb#003F77&#8243; header_font_size=\u00bb22px\u00bb header_line_height=\u00bb1.9em\u00bb body_font=\u00bbEB Garamond||||||||\u00bb body_font_size=\u00bb17px\u00bb background_color=\u00bb#ffffff\u00bb custom_margin=\u00bb0px||||false|false\u00bb custom_padding=\u00bb20px|20px|20px|20px|false|false\u00bb animation_style=\u00bbflip\u00bb border_radii=\u00bbon|6px|6px|6px|6px\u00bb border_width_all=\u00bb3px\u00bb border_color_all=\u00bb#003F77&#8243; border_color_all_image=\u00bb#012B51&#8243; box_shadow_style=\u00bbpreset3&#8243; global_colors_info=\u00bb{}\u00bb]<\/p>\n<ul>\n<li class=\"p1\">Miembro del COP (Colegio Oficial de Psic<span class=\"s1\">\u00f3<\/span>logos de Madrid) <span>Colegiado N\u00ba: M-22791.<\/span><\/li>\n<li class=\"p1\">Miembro de la EFPA (European Federation of Psychologists<span class=\"s2\">\u2019 <\/span>Associations)<\/li>\n<li class=\"p1\">Miembro de FAPYMPE (Federaci<span class=\"s1\">\u00f3<\/span>n de Asociaciones de Psic<span class=\"s1\">\u00f3<\/span>logos y M<span class=\"s1\">\u00e9<\/span>dicos Psicoterapeutas de Espa<span class=\"s1\">\u00f1<\/span>a).<\/li>\n<li class=\"p1\">Miembro titular del IFPS (Federaci<span class=\"s1\">\u00f3<\/span>n Internacional de Sociedades Psicoanal<span class=\"s1\">\u00ed<\/span>ticas).<\/li>\n<li class=\"p1\"><span class=\"s3\"><\/span>Miembro titular y docente de la SIDPAJ (Sociedad Internacional para el Desarrollo del Psicoan<span class=\"s1\">\u00e1<\/span>lisis Junguiano).<\/li>\n<li class=\"p1\"><span class=\"s3\"><\/span>Miembro de ATI (Asociaci\u00f3n Transpersonal Iberoamericana)<\/li>\n<li class=\"p1\">Miembro de la SEMP (Sociedad Espa<span class=\"s1\">\u00f1<\/span>ola de Medicina Psicosom<span class=\"s1\">\u00e1<\/span>tica).<\/li>\n<li class=\"p1\">Miembro de la EAPM (Asociaci<span class=\"s1\">\u00f3<\/span>n Europea de Medicina Psicosom<span class=\"s1\">\u00e1<\/span>tica).<\/li>\n<\/ul>\n<p>[\/et_pb_blurb][et_pb_blurb title=\u00bbAcreditaciones\u00bb use_icon=\u00bbon\u00bb font_icon=\u00bb&#xf005;||fa||400&#8243; icon_placement=\u00bbleft\u00bb _builder_version=\u00bb4.27.0&#8243; _module_preset=\u00bbdefault\u00bb header_font=\u00bbEB Garamond|800|||||||\u00bb header_text_color=\u00bb#003F77&#8243; header_font_size=\u00bb22px\u00bb header_line_height=\u00bb1.6em\u00bb body_font=\u00bbEB Garamond||||||||\u00bb body_font_size=\u00bb17px\u00bb background_color=\u00bb#ffffff\u00bb custom_margin=\u00bb0px||||false|false\u00bb custom_padding=\u00bb20px|20px|20px|20px|false|false\u00bb animation_style=\u00bbflip\u00bb border_radii=\u00bbon|6px|6px|6px|6px\u00bb border_width_all=\u00bb3px\u00bb border_color_all=\u00bb#003F77&#8243; box_shadow_style=\u00bbpreset3&#8243; global_colors_info=\u00bb{}\u00bb]<\/p>\n<ul>\n<li class=\"p1\">\n<p class=\"p1\">PSIC<span class=\"s1\">\u00d3<\/span>LOGO SANITARIO. Consejer<span class=\"s1\">\u00ed<\/span>a de Sanidad de la Comunidad de Madrid.<\/p>\n<\/li>\n<li class=\"p1\">\n<p class=\"p1\">PSIC<span class=\"s1\">\u00d3<\/span>LOGO EUROPEO. EFPA (European Federation of Psychologists<span class=\"s2\">\u2019 <\/span>Associations).<\/p>\n<\/li>\n<li class=\"p1\">\n<p class=\"p1\">ESPECIALISTA EUROPEO EN PSICOTERAPIA. EFPA (European Federation of Psychologists<span class=\"s2\">\u2019 <\/span>Associations).<\/p>\n<\/li>\n<li class=\"p1\">\n<p class=\"p1\">PSICOANALISTA. IFPS (Federaci<span class=\"s1\">\u00f3<\/span>n Internacional de Sociedades Psicoanal<span class=\"s1\">\u00ed<\/span>ticas).<\/p>\n<\/li>\n<li class=\"p1\">ANALISTA JUNGUIANO. SIDPAJ (Sociedad Internacional para el Desarrollo del Psicoan<span class=\"s1\">\u00e1<\/span>lisis Junguiano).<\/li>\n<li class=\"p1\">\n<p class=\"p1\">PSIC\u00d3LOGO PSICOTERAPEUTA. FAPYMPE (Federaci<span class=\"s1\">\u00f3<\/span>n de Asociaciones de Psic<span class=\"s1\">\u00f3<\/span>logos y M<span class=\"s1\">\u00e9<\/span>dicos Psicoterapeutas de Espa<span class=\"s1\">\u00f1<\/span>a)<\/p>\n<\/li>\n<li class=\"p1\">\n<p class=\"p1\">PSICOTERAPEUTA TRANSPERSONAL. ATI (Asociaci\u00f3n Transpersonal Iberoamericana).<\/p>\n<\/li>\n<\/ul>\n<p>[\/et_pb_blurb][\/et_pb_column][\/et_pb_row][\/et_pb_section][et_pb_section fb_built=\u00bb1&#8243; _builder_version=\u00bb4.27.0&#8243; _module_preset=\u00bbdefault\u00bb background_color=\u00bbrgba(237,237,237,0)\u00bb global_colors_info=\u00bb{}\u00bb][et_pb_row column_structure=\u00bb1_2,1_2&#8243; _builder_version=\u00bb4.27.0&#8243; _module_preset=\u00bbdefault\u00bb global_colors_info=\u00bb{}\u00bb][et_pb_column type=\u00bb1_2&#8243; _builder_version=\u00bb4.27.0&#8243; _module_preset=\u00bbdefault\u00bb global_colors_info=\u00bb{}\u00bb][et_pb_button button_url=\u00bbhttps:\/\/miguelmoratepsicologo.com\/index.php\/servicios\/\u00bb button_text=\u00bbM\u00c1S INFORMACI\u00d3N SOBRE SERVICIOS\u00bb button_alignment=\u00bbcenter\u00bb _builder_version=\u00bb4.27.0&#8243; _module_preset=\u00bb_initial\u00bb custom_button=\u00bbon\u00bb button_text_size=\u00bb14px\u00bb button_text_color=\u00bb#ffffff\u00bb button_bg_color=\u00bb#003F77&#8243; button_border_width=\u00bb0px\u00bb button_border_radius=\u00bb0px\u00bb button_letter_spacing=\u00bb0.04em\u00bb button_font=\u00bbInter|700||on|||||\u00bb custom_padding=\u00bb15px|30px|15px|30px|true|true\u00bb global_colors_info=\u00bb{}\u00bb][\/et_pb_button][\/et_pb_column][et_pb_column type=\u00bb1_2&#8243; _builder_version=\u00bb4.27.0&#8243; _module_preset=\u00bbdefault\u00bb global_colors_info=\u00bb{}\u00bb][et_pb_button button_url=\u00bbhttps:\/\/miguelmoratepsicologo.com\/index.php\/tratamientos\/\u00bb button_text=\u00bbM\u00c1S INFORMACI\u00d3N SOBRE TRATAMIENTOS\u00bb button_alignment=\u00bbcenter\u00bb _builder_version=\u00bb4.27.0&#8243; _module_preset=\u00bb_initial\u00bb custom_button=\u00bbon\u00bb button_text_size=\u00bb14px\u00bb button_text_color=\u00bb#ffffff\u00bb button_bg_color=\u00bb#003F77&#8243; button_border_width=\u00bb0px\u00bb button_border_radius=\u00bb0px\u00bb button_letter_spacing=\u00bb0.04em\u00bb button_font=\u00bbInter|700||on|||||\u00bb custom_padding=\u00bb15px|30px|15px|30px|true|true\u00bb global_colors_info=\u00bb{}\u00bb][\/et_pb_button][\/et_pb_column][\/et_pb_row][\/et_pb_section][et_pb_section fb_built=\u00bb1&#8243; admin_label=\u00bbTestimonials\u00bb _builder_version=\u00bb4.27.0&#8243; _module_preset=\u00bbdefault\u00bb background_color=\u00bb#003F77&#8243; background_enable_image=\u00bboff\u00bb background_size=\u00bbcustom\u00bb background_image_width=\u00bb31%\u00bb background_position=\u00bbcenter_right\u00bb background_blend=\u00bbmultiply\u00bb locked=\u00bboff\u00bb collapsed=\u00bbon\u00bb global_colors_info=\u00bb{}\u00bb][et_pb_row column_structure=\u00bb1_2,1_2&#8243; _builder_version=\u00bb4.27.0&#8243; _module_preset=\u00bbdefault\u00bb global_colors_info=\u00bb{}\u00bb][et_pb_column type=\u00bb1_2&#8243; _builder_version=\u00bb4.27.0&#8243; _module_preset=\u00bbdefault\u00bb global_colors_info=\u00bb{}\u00bb][et_pb_image src=\u00bbhttps:\/\/miguelmoratepsicologo.com\/wp-content\/uploads\/2025\/10\/03-Miguel-logo-new-blanco-scaled.png\u00bb title_text=\u00bb03 Miguel logo new blanco\u00bb _builder_version=\u00bb4.27.0&#8243; _module_preset=\u00bbdefault\u00bb width=\u00bb74%\u00bb max_width=\u00bb100%\u00bb module_alignment=\u00bbleft\u00bb custom_margin=\u00bb73px|||||\u00bb global_colors_info=\u00bb{}\u00bb][\/et_pb_image][\/et_pb_column][et_pb_column type=\u00bb1_2&#8243; _builder_version=\u00bb4.27.0&#8243; _module_preset=\u00bbdefault\u00bb global_colors_info=\u00bb{}\u00bb][et_pb_text _builder_version=\u00bb4.27.0&#8243; _module_preset=\u00bbdefault\u00bb text_font=\u00bbInter|700|||||||\u00bb text_text_color=\u00bb#ffffff\u00bb text_font_size=\u00bb27px\u00bb text_letter_spacing=\u00bb5px\u00bb global_colors_info=\u00bb{}\u00bb]<\/p>\n<p>CONTACTO<\/p>\n<p>[\/et_pb_text][et_pb_blurb title=\u00bb687 701 357&#8243; use_icon=\u00bbon\u00bb font_icon=\u00bb&#xf232;||fa||400&#8243; icon_color=\u00bb#BEDEED\u00bb icon_placement=\u00bbleft\u00bb image_icon_width=\u00bb19px\u00bb _builder_version=\u00bb4.27.0&#8243; _module_preset=\u00bbdefault\u00bb header_font=\u00bbInter||||||||\u00bb header_text_color=\u00bb#ffffff\u00bb custom_margin=\u00bb|||30px|false|false\u00bb global_colors_info=\u00bb{}\u00bb][\/et_pb_blurb][et_pb_blurb title=\u00bbmiguelmoratepsicologo@gmail.com\u00bb url=\u00bbmailto:miguelmoratepsicologo@gmail.com\u00bb use_icon=\u00bbon\u00bb font_icon=\u00bb&#xf2b6;||fa||400&#8243; icon_color=\u00bb#BEDEED\u00bb icon_placement=\u00bbleft\u00bb image_icon_width=\u00bb19px\u00bb _builder_version=\u00bb4.27.0&#8243; _module_preset=\u00bbdefault\u00bb header_font=\u00bbInter||||||||\u00bb header_text_color=\u00bb#ffffff\u00bb header_font_size=\u00bb14px\u00bb custom_margin=\u00bb|||30px|false|false\u00bb global_colors_info=\u00bb{}\u00bb][\/et_pb_blurb][et_pb_blurb title=\u00bbCalle de la Explanada 12, 28040 Madrid. \u00bb use_icon=\u00bbon\u00bb font_icon=\u00bb&#xe01d;||divi||400&#8243; icon_color=\u00bb#BEDEED\u00bb icon_placement=\u00bbleft\u00bb image_icon_width=\u00bb19px\u00bb _builder_version=\u00bb4.27.0&#8243; _module_preset=\u00bbdefault\u00bb header_font=\u00bbInter||||||||\u00bb header_text_color=\u00bb#ffffff\u00bb body_font=\u00bbEB Garamond||||||||\u00bb body_text_color=\u00bb#ffffff\u00bb custom_margin=\u00bb|||30px|false|false\u00bb global_colors_info=\u00bb{}\u00bb]<\/p>\n<p>(Metro: Cuatro Caminos, Guzm\u00e1n el Bueno)<\/p>\n<p>[\/et_pb_blurb][\/et_pb_column][\/et_pb_row][\/et_pb_section]<\/p>\n","protected":false},"excerpt":{"rendered":"<p>Soy psic\u00f3logo con una amplia experiencia en hospitales, donde he trabajado en el abordaje integral de los problemas mentales y psicosom\u00e1ticos. Actualmente, ejerzo como Director del Hospital de D\u00eda de Salud Mental El Viso en Madrid, coordinando un equipo dedicado a ofrecer intervenciones terap\u00e9uticas personalizadas y efectivas. Adem\u00e1s, desarrollo mi pr\u00e1ctica en consulta privada, brindando [&hellip;]<\/p>\n","protected":false},"author":1,"featured_media":0,"parent":0,"menu_order":0,"comment_status":"closed","ping_status":"closed","template":"","meta":{"_et_pb_use_builder":"on","_et_pb_old_content":"","_et_gb_content_width":"","_joinchat":[],"footnotes":""},"class_list":["post-120","page","type-page","status-publish","hentry"],"_links":{"self":[{"href":"https:\/\/miguelmoratepsicologo.com\/index.php\/wp-json\/wp\/v2\/pages\/120","targetHints":{"allow":["GET"]}}],"collection":[{"href":"https:\/\/miguelmoratepsicologo.com\/index.php\/wp-json\/wp\/v2\/pages"}],"about":[{"href":"https:\/\/miguelmoratepsicologo.com\/index.php\/wp-json\/wp\/v2\/types\/page"}],"author":[{"embeddable":true,"href":"https:\/\/miguelmoratepsicologo.com\/index.php\/wp-json\/wp\/v2\/users\/1"}],"replies":[{"embeddable":true,"href":"https:\/\/miguelmoratepsicologo.com\/index.php\/wp-json\/wp\/v2\/comments?post=120"}],"version-history":[{"count":137,"href":"https:\/\/miguelmoratepsicologo.com\/index.php\/wp-json\/wp\/v2\/pages\/120\/revisions"}],"predecessor-version":[{"id":1480,"href":"https:\/\/miguelmoratepsicologo.com\/index.php\/wp-json\/wp\/v2\/pages\/120\/revisions\/1480"}],"wp:attachment":[{"href":"https:\/\/miguelmoratepsicologo.com\/index.php\/wp-json\/wp\/v2\/media?parent=120"}],"curies":[{"name":"wp","href":"https:\/\/api.w.org\/{rel}","templated":true}]}}